{"id":178,"date":"2025-07-05T07:15:15","date_gmt":"2025-07-05T07:15:15","guid":{"rendered":"https:\/\/www.khorlancapital.com\/?page_id=178"},"modified":"2025-09-02T06:30:41","modified_gmt":"2025-09-02T06:30:41","slug":"institutional","status":"publish","type":"page","link":"https:\/\/www.khorlancapital.com\/es\/institutional\/","title":{"rendered":"Servicios para Inversores Institucionales"},"content":{"rendered":"<div data-elementor-type=\"wp-page\" data-elementor-id=\"178\" class=\"elementor elementor-178\">\n\t\t\t\t<div class=\"elementor-element elementor-element-e3ec179 breadcrumb overlay-before e-flex e-con-boxed wpr-particle-no wpr-jarallax-no wpr-parallax-no wpr-sticky-section-no e-con e-parent\" data-id=\"e3ec179\" data-element_type=\"container\" data-settings=\"{&quot;background_background&quot;:&quot;classic&quot;}\">\n\t\t\t\t\t<div class=\"e-con-inner\">\n\t\t<div class=\"elementor-element elementor-element-39dd01b e-con-full sticky-space e-flex wpr-particle-no wpr-jarallax-no wpr-parallax-no wpr-sticky-section-no e-con e-child\" data-id=\"39dd01b\" data-element_type=\"container\">\n\t\t\t\t<\/div>\n\t\t<div class=\"elementor-element elementor-element-5d991c7 e-con-full e-flex wpr-particle-no wpr-jarallax-no wpr-parallax-no wpr-sticky-section-no e-con e-child\" data-id=\"5d991c7\" data-element_type=\"container\">\n\t\t\t\t<div class=\"elementor-element elementor-element-a453813 elementor-widget__width-initial elementor-widget-tablet__width-inherit elementor-widget elementor-widget-heading\" data-id=\"a453813\" data-element_type=\"widget\" data-widget_type=\"heading.default\">\n\t\t\t\t\t<h2 class=\"elementor-heading-title elementor-size-default\">Servicios para Inversores Institucionales<\/h2>\t\t\t\t<\/div>\n\t\t\t\t<div class=\"elementor-element elementor-element-fa3583a elementor-widget__width-initial elementor-widget-tablet__width-inherit elementor-widget elementor-widget-heading\" data-id=\"fa3583a\" data-element_type=\"widget\" data-widget_type=\"heading.default\">\n\t\t\t\t\t<h5 class=\"elementor-heading-title elementor-size-default\">Motivamos a las instituciones en los mercados emergentes por salvar a los mercados globales de capital, abrir nuevas v\u00edas de acceso a los mercados y al aumento de la liquidez.<\/h5>\t\t\t\t<\/div>\n\t\t\t\t<\/div>\n\t\t\t\t\t<\/div>\n\t\t\t\t<\/div>\n\t\t<div class=\"elementor-element elementor-element-804b36f e-flex e-con-boxed wpr-particle-no wpr-jarallax-no wpr-parallax-no wpr-sticky-section-no e-con e-parent\" data-id=\"804b36f\" data-element_type=\"container\">\n\t\t\t\t\t<div class=\"e-con-inner\">\n\t\t<div class=\"elementor-element elementor-element-70cff61 e-con-full story-canvas overlay-before e-flex wpr-particle-no wpr-jarallax-no wpr-parallax-no wpr-sticky-section-no e-con e-child\" data-id=\"70cff61\" data-element_type=\"container\">\n\t\t\t\t<div class=\"elementor-element elementor-element-749d90a elementor-widget elementor-widget-heading\" data-id=\"749d90a\" data-element_type=\"widget\" data-widget_type=\"heading.default\">\n\t\t\t\t\t<h1 class=\"elementor-heading-title elementor-size-default\">Institucional De Los Servicios De Asesoramiento<\/h1>\t\t\t\t<\/div>\n\t\t\t\t<div class=\"elementor-element elementor-element-c592dfb elementor-widget elementor-widget-text-editor\" data-id=\"c592dfb\" data-element_type=\"widget\" data-widget_type=\"text-editor.default\">\n\t\t\t\t\t\t\t\t\t<p>En Khorlan Capital, capacitar a clientes institucionales\u2014incluyendo bancos, brokers, gestores de activos, y el soberano de los estados\u2014para desplazarse a los distintos retos y oportunidades dentro de los Emergentes y los mercados de Frontera. Nuestro equipo de expertos ofrece un servicio de asesoramiento especializado, que ofrece una visi\u00f3n profunda y una orientaci\u00f3n estrat\u00e9gica para instituciones de apoyo en la toma de decisiones informadas a trav\u00e9s del complejo de mercados de capitales.<\/p>\t\t\t\t\t\t\t\t<\/div>\n\t\t\t\t<\/div>\n\t\t\t\t\t<\/div>\n\t\t\t\t<\/div>\n\t\t<div class=\"elementor-element elementor-element-106f893 overlay-before e-flex e-con-boxed wpr-particle-no wpr-jarallax-no wpr-parallax-no wpr-sticky-section-no e-con e-parent\" data-id=\"106f893\" data-element_type=\"container\" data-settings=\"{&quot;background_background&quot;:&quot;classic&quot;}\">\n\t\t\t\t\t<div class=\"e-con-inner\">\n\t\t<div class=\"elementor-element elementor-element-77e6214 e-con-full e-flex wpr-particle-no wpr-jarallax-no wpr-parallax-no wpr-sticky-section-no e-con e-child\" data-id=\"77e6214\" data-element_type=\"container\">\n\t\t\t\t<div class=\"elementor-element elementor-element-792b827 elementor-widget__width-initial elementor-widget-tablet__width-inherit elementor-widget elementor-widget-heading\" data-id=\"792b827\" data-element_type=\"widget\" data-widget_type=\"heading.default\">\n\t\t\t\t\t<h3 class=\"elementor-heading-title elementor-size-default\">Los Mercados Globales De Asesoramiento<\/h3>\t\t\t\t<\/div>\n\t\t\t\t<div class=\"elementor-element elementor-element-c9faaf2 elementor-widget__width-initial elementor-widget-tablet__width-inherit elementor-widget elementor-widget-heading\" data-id=\"c9faaf2\" data-element_type=\"widget\" data-widget_type=\"heading.default\">\n\t\t\t\t\t<h3 class=\"elementor-heading-title elementor-size-default\">De extremo a extremo de los Valores Internacionales de servicios y soluciones<\/h3>\t\t\t\t<\/div>\n\t\t\t\t<div class=\"elementor-element elementor-element-301bbc1 elementor-widget elementor-widget-text-editor\" data-id=\"301bbc1\" data-element_type=\"widget\" data-widget_type=\"text-editor.default\">\n\t\t\t\t\t\t\t\t\tLes ofrecemos un amplio end-to-end de valores servicios de asesoramiento a medida para instituciones financieras en los mercados emergentes. Nuestro equipo trabaja en estrecha colaboraci\u00f3n con una amplia gama de instituciones para identificar y proporcionar las soluciones m\u00e1s adecuadas seg\u00fan sus necesidades espec\u00edficas. Si se trata de seleccionar un confiable plataforma de negociaci\u00f3n, la b\u00fasqueda de la derecha custodio, o asegurar el desbroce de servicios para mercados espec\u00edficos, nos aseguramos de que nuestros clientes est\u00e1n equipadas con las mejores herramientas para el \u00e9xito. Mediante la asociaci\u00f3n con los bancos y corredores de todo el mundo, hemos partido de clientes con el ideal de la instituci\u00f3n financiera que perfectamente pueden manejar sus necesidades, asegurando el buen funcionamiento y los resultados \u00f3ptimos en la din\u00e1mica y la evoluci\u00f3n de los mercados.\t\t\t\t\t\t\t\t<\/div>\n\t\t\t\t<div class=\"elementor-element elementor-element-e311876 elementor-icon-list--layout-inline elementor-align-left elementor-mobile-align-left elementor-list-item-link-full_width elementor-widget elementor-widget-icon-list\" data-id=\"e311876\" data-element_type=\"widget\" data-widget_type=\"icon-list.default\">\n\t\t\t\t\t\t\t<ul class=\"elementor-icon-list-items elementor-inline-items\">\n\t\t\t\t\t\t\t<li class=\"elementor-icon-list-item elementor-inline-item\">\n\t\t\t\t\t\t\t\t\t\t<span class=\"elementor-icon-list-text\">El Comercio De Las L\u00edneas De<\/span>\n\t\t\t\t\t\t\t\t\t<\/li>\n\t\t\t\t\t\t\t\t<li class=\"elementor-icon-list-item elementor-inline-item\">\n\t\t\t\t\t\t\t\t\t\t<span class=\"elementor-icon-list-text\">Las Cuentas De La Banca<\/span>\n\t\t\t\t\t\t\t\t\t<\/li>\n\t\t\t\t\t\t\t\t<li class=\"elementor-icon-list-item elementor-inline-item\">\n\t\t\t\t\t\t\t\t\t\t<span class=\"elementor-icon-list-text\">Custodia Global<\/span>\n\t\t\t\t\t\t\t\t\t<\/li>\n\t\t\t\t\t\t\t\t<li class=\"elementor-icon-list-item elementor-inline-item\">\n\t\t\t\t\t\t\t\t\t\t<span class=\"elementor-icon-list-text\">La Seguridad De Compensaci\u00f3n Soluciones<\/span>\n\t\t\t\t\t\t\t\t\t<\/li>\n\t\t\t\t\t\t\t\t<li class=\"elementor-icon-list-item elementor-inline-item\">\n\t\t\t\t\t\t\t\t\t\t<span class=\"elementor-icon-list-text\">Soluciones De Financiaci\u00f3n<\/span>\n\t\t\t\t\t\t\t\t\t<\/li>\n\t\t\t\t\t\t<\/ul>\n\t\t\t\t\t\t<\/div>\n\t\t\t\t<\/div>\n\t\t\t\t\t<\/div>\n\t\t\t\t<\/div>\n\t\t<div class=\"elementor-element elementor-element-73ed27d e-flex e-con-boxed wpr-particle-no wpr-jarallax-no wpr-parallax-no wpr-sticky-section-no e-con e-parent\" data-id=\"73ed27d\" data-element_type=\"container\">\n\t\t\t\t\t<div class=\"e-con-inner\">\n\t\t\t\t<div class=\"elementor-element elementor-element-d5af708 elementor-widget elementor-widget-spacer\" data-id=\"d5af708\" data-element_type=\"widget\" data-widget_type=\"spacer.default\">\n\t\t\t\t\t\t\t<div class=\"elementor-spacer\">\n\t\t\t<div class=\"elementor-spacer-inner\"><\/div>\n\t\t<\/div>\n\t\t\t\t\t\t<\/div>\n\t\t\t\t\t<\/div>\n\t\t\t\t<\/div>\n\t\t<div class=\"elementor-element elementor-element-2fcfd13 e-flex e-con-boxed wpr-particle-no wpr-jarallax-no wpr-parallax-no wpr-sticky-section-no e-con e-parent\" data-id=\"2fcfd13\" data-element_type=\"container\">\n\t\t\t\t\t<div class=\"e-con-inner\">\n\t\t<div class=\"elementor-element elementor-element-0817744 e-con-full e-flex wpr-particle-no wpr-jarallax-no wpr-parallax-no wpr-sticky-section-no e-con e-child\" data-id=\"0817744\" data-element_type=\"container\">\n\t\t\t\t<div class=\"elementor-element elementor-element-5d4c4ad elementor-widget elementor-widget-heading\" data-id=\"5d4c4ad\" data-element_type=\"widget\" data-widget_type=\"heading.default\">\n\t\t\t\t\t<h1 class=\"elementor-heading-title elementor-size-default\">Servicios para Inversores Institucionales<\/h1>\t\t\t\t<\/div>\n\t\t\t\t<div class=\"elementor-element elementor-element-09b746b elementor-widget elementor-widget-heading\" data-id=\"09b746b\" data-element_type=\"widget\" data-widget_type=\"heading.default\">\n\t\t\t\t\t<h5 class=\"elementor-heading-title elementor-size-default\">Nuestros Institucional De Los Servicios De Asesor\u00eda Incluyen<\/h5>\t\t\t\t<\/div>\n\t\t<div class=\"elementor-element elementor-element-6b3f07f e-grid e-con-full wpr-particle-no wpr-jarallax-no wpr-parallax-no wpr-sticky-section-no e-con e-child\" data-id=\"6b3f07f\" data-element_type=\"container\">\n\t\t<div class=\"elementor-element elementor-element-aa1ed09 e-con-full solution-card e-flex wpr-particle-no wpr-jarallax-no wpr-parallax-no wpr-sticky-section-no e-con e-child\" data-id=\"aa1ed09\" data-element_type=\"container\">\n\t\t<div class=\"elementor-element elementor-element-89a6add e-con-full e-flex wpr-particle-no wpr-jarallax-no wpr-parallax-no wpr-sticky-section-no e-con e-child\" data-id=\"89a6add\" data-element_type=\"container\" data-settings=\"{&quot;background_background&quot;:&quot;classic&quot;}\">\n\t\t\t\t<\/div>\n\t\t<div class=\"elementor-element elementor-element-cc54a07 e-con-full content e-flex wpr-particle-no wpr-jarallax-no wpr-parallax-no wpr-sticky-section-no e-con e-child\" data-id=\"cc54a07\" data-element_type=\"container\">\n\t\t\t\t<div class=\"elementor-element elementor-element-35fbf3f elementor-widget__width-inherit elementor-widget elementor-widget-heading\" data-id=\"35fbf3f\" data-element_type=\"widget\" data-widget_type=\"heading.default\">\n\t\t\t\t\t<h6 class=\"elementor-heading-title elementor-size-default\">Los Mercados De Capitales Experiencia<\/h6>\t\t\t\t<\/div>\n\t\t\t\t<div class=\"elementor-element elementor-element-926f4ad elementor-widget elementor-widget-text-editor\" data-id=\"926f4ad\" data-element_type=\"widget\" data-widget_type=\"text-editor.default\">\n\t\t\t\t\t\t\t\t\tAprovechando nuestra amplia experiencia y conocimientos locales, podemos ayudar a las instituciones a entender y sacar provecho de las tendencias emergentes y los mercados de frontera, apoyando el crecimiento y la resiliencia en entornos inestables.Lorem ipsum dolor sit amet, consectetur adipiscing elit. Ut elit tellus, luctus nec ullamcorper mattis, pulvinar dapibus leo.\t\t\t\t\t\t\t\t<\/div>\n\t\t\t\t<\/div>\n\t\t\t\t<\/div>\n\t\t<div class=\"elementor-element elementor-element-35445d5 e-con-full solution-card e-flex wpr-particle-no wpr-jarallax-no wpr-parallax-no wpr-sticky-section-no e-con e-child\" data-id=\"35445d5\" data-element_type=\"container\">\n\t\t<div class=\"elementor-element elementor-element-08a3442 e-con-full e-flex wpr-particle-no wpr-jarallax-no wpr-parallax-no wpr-sticky-section-no e-con e-child\" data-id=\"08a3442\" data-element_type=\"container\" data-settings=\"{&quot;background_background&quot;:&quot;classic&quot;}\">\n\t\t\t\t<\/div>\n\t\t<div class=\"elementor-element elementor-element-248d644 e-con-full content e-flex wpr-particle-no wpr-jarallax-no wpr-parallax-no wpr-sticky-section-no e-con e-child\" data-id=\"248d644\" data-element_type=\"container\">\n\t\t\t\t<div class=\"elementor-element elementor-element-40f9888 elementor-widget__width-inherit elementor-widget elementor-widget-heading\" data-id=\"40f9888\" data-element_type=\"widget\" data-widget_type=\"heading.default\">\n\t\t\t\t\t<h6 class=\"elementor-heading-title elementor-size-default\">Acceso Al Mercado Global<\/h6>\t\t\t\t<\/div>\n\t\t\t\t<div class=\"elementor-element elementor-element-fa6bc26 elementor-widget elementor-widget-text-editor\" data-id=\"fa6bc26\" data-element_type=\"widget\" data-widget_type=\"text-editor.default\">\n\t\t\t\t\t\t\t\t\tNos puente de los mercados locales y globales, proporcionando a las instituciones con acceso a una amplia red de mercados de capitales internacionales, garantizar la liquidez, diversificaci\u00f3n, riesgo y gesti\u00f3n del riesgo.\t\t\t\t\t\t\t\t<\/div>\n\t\t\t\t<\/div>\n\t\t\t\t<\/div>\n\t\t<div class=\"elementor-element elementor-element-5dfa863 e-con-full solution-card e-flex wpr-particle-no wpr-jarallax-no wpr-parallax-no wpr-sticky-section-no e-con e-child\" data-id=\"5dfa863\" data-element_type=\"container\">\n\t\t<div class=\"elementor-element elementor-element-61b4cc7 e-con-full e-flex wpr-particle-no wpr-jarallax-no wpr-parallax-no wpr-sticky-section-no e-con e-child\" data-id=\"61b4cc7\" data-element_type=\"container\" data-settings=\"{&quot;background_background&quot;:&quot;classic&quot;}\">\n\t\t\t\t<\/div>\n\t\t<div class=\"elementor-element elementor-element-2794ca9 e-con-full content e-flex wpr-particle-no wpr-jarallax-no wpr-parallax-no wpr-sticky-section-no e-con e-child\" data-id=\"2794ca9\" data-element_type=\"container\">\n\t\t\t\t<div class=\"elementor-element elementor-element-86066e5 elementor-widget__width-inherit elementor-widget elementor-widget-heading\" data-id=\"86066e5\" data-element_type=\"widget\" data-widget_type=\"heading.default\">\n\t\t\t\t\t<h6 class=\"elementor-heading-title elementor-size-default\">La Medida De Asesoramiento Estrat\u00e9gico<\/h6>\t\t\t\t<\/div>\n\t\t\t\t<div class=\"elementor-element elementor-element-2421e30 elementor-widget elementor-widget-text-editor\" data-id=\"2421e30\" data-element_type=\"widget\" data-widget_type=\"text-editor.default\">\n\t\t\t\t\t\t\t\t\tDe an\u00e1lisis macroecon\u00f3mico para la estructuraci\u00f3n de la inversi\u00f3n, adaptamos nuestros servicios de asesoramiento para satisfacer las necesidades y objetivos espec\u00edficos de cada instituci\u00f3n, asegurando que sus estrategias se alinean con el crecimiento a largo plazo.\t\t\t\t\t\t\t\t<\/div>\n\t\t\t\t<\/div>\n\t\t\t\t<\/div>\n\t\t<div class=\"elementor-element elementor-element-1e094df e-con-full solution-card e-flex wpr-particle-no wpr-jarallax-no wpr-parallax-no wpr-sticky-section-no e-con e-child\" data-id=\"1e094df\" data-element_type=\"container\">\n\t\t<div class=\"elementor-element elementor-element-1d75731 e-con-full e-flex wpr-particle-no wpr-jarallax-no wpr-parallax-no wpr-sticky-section-no e-con e-child\" data-id=\"1d75731\" data-element_type=\"container\" data-settings=\"{&quot;background_background&quot;:&quot;classic&quot;}\">\n\t\t\t\t<\/div>\n\t\t<div class=\"elementor-element elementor-element-0701574 e-con-full content e-flex wpr-particle-no wpr-jarallax-no wpr-parallax-no wpr-sticky-section-no e-con e-child\" data-id=\"0701574\" data-element_type=\"container\">\n\t\t\t\t<div class=\"elementor-element elementor-element-4b2a044 elementor-widget__width-inherit elementor-widget elementor-widget-heading\" data-id=\"4b2a044\" data-element_type=\"widget\" data-widget_type=\"heading.default\">\n\t\t\t\t\t<h6 class=\"elementor-heading-title elementor-size-default\">Soluciones Transfronterizas<\/h6>\t\t\t\t<\/div>\n\t\t\t\t<div class=\"elementor-element elementor-element-e831197 elementor-widget elementor-widget-text-editor\" data-id=\"e831197\" data-element_type=\"widget\" data-widget_type=\"text-editor.default\">\n\t\t\t\t\t\t\t\t\tCon experiencia en multi-jurisdiccionales, las estructuras financieras, nos instituciones de apoyo en el establecimiento de marcos que maximizar la reglamentaci\u00f3n y la eficiencia operativa.\t\t\t\t\t\t\t\t<\/div>\n\t\t\t\t<\/div>\n\t\t\t\t<\/div>\n\t\t\t\t<\/div>\n\t\t\t\t<\/div>\n\t\t\t\t\t<\/div>\n\t\t\t\t<\/div>\n\t\t<div class=\"elementor-element elementor-element-2090e97 e-flex e-con-boxed wpr-particle-no wpr-jarallax-no wpr-parallax-no wpr-sticky-section-no e-con e-parent\" data-id=\"2090e97\" data-element_type=\"container\">\n\t\t\t\t\t<div class=\"e-con-inner\">\n\t\t<div class=\"elementor-element elementor-element-5554e90 e-con-full overlay-before e-flex wpr-particle-no wpr-jarallax-no wpr-parallax-no wpr-sticky-section-no e-con e-child\" data-id=\"5554e90\" data-element_type=\"container\" data-settings=\"{&quot;background_background&quot;:&quot;classic&quot;}\">\n\t\t\t\t<div class=\"elementor-element elementor-element-960e35f elementor-widget elementor-widget-heading\" data-id=\"960e35f\" data-element_type=\"widget\" data-widget_type=\"heading.default\">\n\t\t\t\t\t<h3 class=\"elementor-heading-title elementor-size-default\">Los Clientes Que Servimos<\/h3>\t\t\t\t<\/div>\n\t\t\t\t<\/div>\n\t\t\t\t<div class=\"elementor-element elementor-element-82272c0 elementor-widget__width-initial elementor-widget elementor-widget-heading\" data-id=\"82272c0\" data-element_type=\"widget\" data-widget_type=\"heading.default\">\n\t\t\t\t\t<h3 class=\"elementor-heading-title elementor-size-default\">Nuestros Clientes Institucionales<\/h3>\t\t\t\t<\/div>\n\t\t<div class=\"elementor-element elementor-element-9899294 e-con-full e-flex wpr-particle-no wpr-jarallax-no wpr-parallax-no wpr-sticky-section-no e-con e-child\" data-id=\"9899294\" data-element_type=\"container\">\n\t\t\t\t<div class=\"elementor-element elementor-element-8245491 elementor-align-left elementor-widget__width-inherit elementor-icon-list--layout-traditional elementor-list-item-link-full_width elementor-widget elementor-widget-icon-list\" data-id=\"8245491\" data-element_type=\"widget\" data-widget_type=\"icon-list.default\">\n\t\t\t\t\t\t\t<ul class=\"elementor-icon-list-items\">\n\t\t\t\t\t\t\t<li class=\"elementor-icon-list-item\">\n\t\t\t\t\t\t\t\t\t\t<span class=\"elementor-icon-list-text\">Los Gestores De Activos<\/span>\n\t\t\t\t\t\t\t\t\t<\/li>\n\t\t\t\t\t\t\t\t<li class=\"elementor-icon-list-item\">\n\t\t\t\t\t\t\t\t\t\t<span class=\"elementor-icon-list-text\">Los bancos<\/span>\n\t\t\t\t\t\t\t\t\t<\/li>\n\t\t\t\t\t\t\t\t<li class=\"elementor-icon-list-item\">\n\t\t\t\t\t\t\t\t\t\t<span class=\"elementor-icon-list-text\">Los Corredores<\/span>\n\t\t\t\t\t\t\t\t\t<\/li>\n\t\t\t\t\t\t\t\t<li class=\"elementor-icon-list-item\">\n\t\t\t\t\t\t\t\t\t\t<span class=\"elementor-icon-list-text\">Corporativos Bonos Del Tesoro<\/span>\n\t\t\t\t\t\t\t\t\t<\/li>\n\t\t\t\t\t\t<\/ul>\n\t\t\t\t\t\t<\/div>\n\t\t\t\t<\/div>\n\t\t<div class=\"elementor-element elementor-element-16facb1 e-con-full e-flex wpr-particle-no wpr-jarallax-no wpr-parallax-no wpr-sticky-section-no e-con e-child\" data-id=\"16facb1\" data-element_type=\"container\">\n\t\t\t\t<div class=\"elementor-element elementor-element-390180c elementor-align-left elementor-widget__width-inherit elementor-icon-list--layout-traditional elementor-list-item-link-full_width elementor-widget elementor-widget-icon-list\" data-id=\"390180c\" data-element_type=\"widget\" data-widget_type=\"icon-list.default\">\n\t\t\t\t\t\t\t<ul class=\"elementor-icon-list-items\">\n\t\t\t\t\t\t\t<li class=\"elementor-icon-list-item\">\n\t\t\t\t\t\t\t\t\t\t<span class=\"elementor-icon-list-text\">De La Familia De Las Oficinas De<\/span>\n\t\t\t\t\t\t\t\t\t<\/li>\n\t\t\t\t\t\t\t\t<li class=\"elementor-icon-list-item\">\n\t\t\t\t\t\t\t\t\t\t<span class=\"elementor-icon-list-text\">Los gestores de Activos externos<\/span>\n\t\t\t\t\t\t\t\t\t<\/li>\n\t\t\t\t\t\t\t\t<li class=\"elementor-icon-list-item\">\n\t\t\t\t\t\t\t\t\t\t<span class=\"elementor-icon-list-text\">La Introducci\u00f3n De Los Corredores<\/span>\n\t\t\t\t\t\t\t\t\t<\/li>\n\t\t\t\t\t\t\t\t<li class=\"elementor-icon-list-item\">\n\t\t\t\t\t\t\t\t\t\t<span class=\"elementor-icon-list-text\">Las Compa\u00f1\u00edas De Seguros<\/span>\n\t\t\t\t\t\t\t\t\t<\/li>\n\t\t\t\t\t\t<\/ul>\n\t\t\t\t\t\t<\/div>\n\t\t\t\t<\/div>\n\t\t<div class=\"elementor-element elementor-element-50ff3c2 e-con-full e-flex wpr-particle-no wpr-jarallax-no wpr-parallax-no wpr-sticky-section-no e-con e-child\" data-id=\"50ff3c2\" data-element_type=\"container\">\n\t\t\t\t<div class=\"elementor-element elementor-element-cc25221 elementor-align-left elementor-widget__width-inherit elementor-icon-list--layout-traditional elementor-list-item-link-full_width elementor-widget elementor-widget-icon-list\" data-id=\"cc25221\" data-element_type=\"widget\" data-widget_type=\"icon-list.default\">\n\t\t\t\t\t\t\t<ul class=\"elementor-icon-list-items\">\n\t\t\t\t\t\t\t<li class=\"elementor-icon-list-item\">\n\t\t\t\t\t\t\t\t\t\t<span class=\"elementor-icon-list-text\">Fondos De Inversi\u00f3n<\/span>\n\t\t\t\t\t\t\t\t\t<\/li>\n\t\t\t\t\t\t\t\t<li class=\"elementor-icon-list-item\">\n\t\t\t\t\t\t\t\t\t\t<span class=\"elementor-icon-list-text\">Los Fondos De Cobertura<\/span>\n\t\t\t\t\t\t\t\t\t<\/li>\n\t\t\t\t\t\t\t\t<li class=\"elementor-icon-list-item\">\n\t\t\t\t\t\t\t\t\t\t<span class=\"elementor-icon-list-text\">Los Fondos De Pensiones<\/span>\n\t\t\t\t\t\t\t\t\t<\/li>\n\t\t\t\t\t\t\t\t<li class=\"elementor-icon-list-item\">\n\t\t\t\t\t\t\t\t\t\t<span class=\"elementor-icon-list-text\">Sector P\u00fablico<\/span>\n\t\t\t\t\t\t\t\t\t<\/li>\n\t\t\t\t\t\t<\/ul>\n\t\t\t\t\t\t<\/div>\n\t\t\t\t<\/div>\n\t\t\t\t\t<\/div>\n\t\t\t\t<\/div>\n\t\t\t\t<\/div>","protected":false},"excerpt":{"rendered":"<p>Services for Institutional Investors We empower institutions in emerging markets by bridging them to global capital markets, unlocking new pathways for market access and enhanced liquidity. Institutional Advisory Services\u200b At Khorlan Capital, we empower institutional clients\u2014including banks, brokers, asset managers, and sovereign states\u2014to navigate the distinct challenges and opportunities within Emerging and Frontier markets. Our expert team delivers specialized advisory services, offering deep insights and strategic guidance to support institutions in making informed decisions across complex capital markets.\u200b Global Markets Advisory End to End International Securities services &amp; solutions We offer comprehensive end-to-end securities advisory services tailored for financial institutions in emerging markets. Our team works closely with a wide range of institutions to identify and provide the most suitable solutions based on their unique needs. Whether it&#8217;s selecting a reliable trading platform, finding the right custodian, or securing efficient clearing services for specific markets, we ensure that our clients are equipped with the best tools for success. By partnering with banks and brokers across the globe, we match clients with the ideal financial institution that can seamlessly handle their requirements, ensuring smooth operations and optimal outcomes in dynamic and evolving markets. Trading Lines Banking Accounts Global Custody Security Clearing Solutions Financing Solutions Services for Institutional Investors Our Institutional Advisory Services Include Capital Markets Expertise Leveraging our extensive experience and local insights, we help institutions understand and capitalize on trends in emerging and frontier markets, supporting growth and resilience in volatile environments.Lorem ipsum dolor sit amet, consectetur adipiscing elit. Ut elit tellus, luctus nec ullamcorper mattis, pulvinar dapibus leo. Global Market Access We bridge local and global markets, providing institutions with access to an expansive network of international capital markets, ensuring liquidity, diversification, and risk management. Tailored Strategic Advice From macroeconomic analysis to investment structuring, we tailor our advisory services to meet the specific needs and objectives of each institution, ensuring that their strategies align with long-term growth. Cross-Border Solutions With expertise in multi-jurisdictional financial structures, we support institutions in establishing frameworks that maximize regulatory and operational efficiency. Clients We Serve Our Institutional Clients Asset Managers Banks Broker Dealers Corporate Treasuries Family Offices External Assets managers Introducing Brokers Insurance Companies Mutual Funds Hedge Funds Pension Funds Public Sector<\/p>","protected":false},"author":1,"featured_media":0,"parent":0,"menu_order":3,"comment_status":"closed","ping_status":"closed","template":"","meta":{"footnotes":""},"class_list":["post-178","page","type-page","status-publish","hentry"],"_links":{"self":[{"href":"https:\/\/www.khorlancapital.com\/es\/wp-json\/wp\/v2\/pages\/178","targetHints":{"allow":["GET"]}}],"collection":[{"href":"https:\/\/www.khorlancapital.com\/es\/wp-json\/wp\/v2\/pages"}],"about":[{"href":"https:\/\/www.khorlancapital.com\/es\/wp-json\/wp\/v2\/types\/page"}],"author":[{"embeddable":true,"href":"https:\/\/www.khorlancapital.com\/es\/wp-json\/wp\/v2\/users\/1"}],"replies":[{"embeddable":true,"href":"https:\/\/www.khorlancapital.com\/es\/wp-json\/wp\/v2\/comments?post=178"}],"version-history":[{"count":5,"href":"https:\/\/www.khorlancapital.com\/es\/wp-json\/wp\/v2\/pages\/178\/revisions"}],"predecessor-version":[{"id":698,"href":"https:\/\/www.khorlancapital.com\/es\/wp-json\/wp\/v2\/pages\/178\/revisions\/698"}],"wp:attachment":[{"href":"https:\/\/www.khorlancapital.com\/es\/wp-json\/wp\/v2\/media?parent=178"}],"curies":[{"name":"wp","href":"https:\/\/api.w.org\/{rel}","templated":true}]}}