{"id":241,"date":"2025-07-05T08:22:35","date_gmt":"2025-07-05T08:22:35","guid":{"rendered":"https:\/\/www.khorlancapital.com\/?page_id=241"},"modified":"2025-09-02T06:30:41","modified_gmt":"2025-09-02T06:30:41","slug":"asset-management","status":"publish","type":"page","link":"https:\/\/www.khorlancapital.com\/es\/asset-management\/","title":{"rendered":"La Gesti\u00f3n De Activos"},"content":{"rendered":"<div data-elementor-type=\"wp-page\" data-elementor-id=\"241\" class=\"elementor elementor-241\">\n\t\t\t\t<div class=\"elementor-element elementor-element-f6c4d3b breadcrumb overlay-before e-flex e-con-boxed wpr-particle-no wpr-jarallax-no wpr-parallax-no wpr-sticky-section-no e-con e-parent\" data-id=\"f6c4d3b\" data-element_type=\"container\" data-settings=\"{&quot;background_background&quot;:&quot;video&quot;,&quot;background_video_link&quot;:&quot;\\\/wp-content\\\/uploads\\\/2025\\\/07\\\/city-river-bridge.mp4&quot;}\">\n\t\t\t\t\t<div class=\"e-con-inner\">\n\t\t<div class=\"elementor-background-video-container elementor-hidden-mobile\" aria-hidden=\"true\">\n\t\t\t\t\t\t\t<video class=\"elementor-background-video-hosted\" autoplay muted playsinline loop><\/video>\n\t\t\t\t\t<\/div><div class=\"elementor-element elementor-element-292e95f e-con-full sticky-space e-flex wpr-particle-no wpr-jarallax-no wpr-parallax-no wpr-sticky-section-no e-con e-child\" data-id=\"292e95f\" data-element_type=\"container\">\n\t\t\t\t<\/div>\n\t\t<div class=\"elementor-element elementor-element-7ba23e5 e-con-full e-flex wpr-particle-no wpr-jarallax-no wpr-parallax-no wpr-sticky-section-no e-con e-child\" data-id=\"7ba23e5\" data-element_type=\"container\">\n\t\t\t\t<div class=\"elementor-element elementor-element-6584d9e elementor-widget__width-inherit elementor-widget-tablet__width-inherit elementor-widget elementor-widget-heading\" data-id=\"6584d9e\" data-element_type=\"widget\" data-widget_type=\"heading.default\">\n\t\t\t\t\t<h2 class=\"elementor-heading-title elementor-size-default\">La Gesti\u00f3n De Activos <\/h2>\t\t\t\t<\/div>\n\t\t\t\t<\/div>\n\t\t\t\t\t<\/div>\n\t\t\t\t<\/div>\n\t\t<div class=\"elementor-element elementor-element-1ea50f5 e-flex e-con-boxed wpr-particle-no wpr-jarallax-no wpr-parallax-no wpr-sticky-section-no e-con e-parent\" data-id=\"1ea50f5\" data-element_type=\"container\">\n\t\t\t\t\t<div class=\"e-con-inner\">\n\t\t<div class=\"elementor-element elementor-element-a3f4532 e-con-full story-canvas overlay-before e-flex wpr-particle-no wpr-jarallax-no wpr-parallax-no wpr-sticky-section-no e-con e-child\" data-id=\"a3f4532\" data-element_type=\"container\">\n\t\t\t\t<div class=\"elementor-element elementor-element-042ed30 elementor-widget elementor-widget-text-editor\" data-id=\"042ed30\" data-element_type=\"widget\" data-widget_type=\"text-editor.default\">\n\t\t\t\t\t\t\t\t\t<p>Nuestros servicios de gesti\u00f3n de activos est\u00e1n dise\u00f1ados para ofrecer soluciones a medida que se alinean con las necesidades \u00fanicas de nuestros clientes. Al asociarse con el nicho de los gerentes que poseen conocimientos especializados y profundos conocimientos del mercado, nuestro objetivo es optimizar la generaci\u00f3n de alfa a trav\u00e9s de diversas clases de activos. Nuestro enfoque combina estrategias innovadoras, rigurosa gesti\u00f3n del riesgo, y centrado en el cliente enfoque para garantizar personalizado de la construcci\u00f3n de la cartera y la excelencia en el rendimiento. Tanto la navegaci\u00f3n por el complejo de las condiciones del mercado o la identificaci\u00f3n de nuevas oportunidades, nuestras soluciones permiten a los clientes a alcanzar sus objetivos financieros, mientras que el mantenimiento de una ventaja competitiva en el panorama de inversi\u00f3n.<\/p>\t\t\t\t\t\t\t\t<\/div>\n\t\t\t\t<\/div>\n\t\t\t\t\t<\/div>\n\t\t\t\t<\/div>\n\t\t<div class=\"elementor-element elementor-element-c246b2b e-flex e-con-boxed wpr-particle-no wpr-jarallax-no wpr-parallax-no wpr-sticky-section-no e-con e-parent\" data-id=\"c246b2b\" data-element_type=\"container\">\n\t\t\t\t\t<div class=\"e-con-inner\">\n\t\t<div class=\"elementor-element elementor-element-3900f7b e-con-full e-flex wpr-particle-no wpr-jarallax-no wpr-parallax-no wpr-sticky-section-no e-con e-child\" data-id=\"3900f7b\" data-element_type=\"container\" data-settings=\"{&quot;background_background&quot;:&quot;classic&quot;}\">\n\t\t<div class=\"elementor-element elementor-element-e532846 e-con-full e-flex wpr-particle-no wpr-jarallax-no wpr-parallax-no wpr-sticky-section-no e-con e-child\" data-id=\"e532846\" data-element_type=\"container\" data-settings=\"{&quot;background_background&quot;:&quot;classic&quot;}\">\n\t\t<div class=\"elementor-element elementor-element-256b8e4 e-con-full feature-card e-flex wpr-particle-no wpr-jarallax-no wpr-parallax-no wpr-sticky-section-no e-con e-child\" data-id=\"256b8e4\" data-element_type=\"container\">\n\t\t\t\t<div class=\"elementor-element elementor-element-18ba287 elementor-widget__width-inherit elementor-widget elementor-widget-heading\" data-id=\"18ba287\" data-element_type=\"widget\" data-widget_type=\"heading.default\">\n\t\t\t\t\t<h5 class=\"elementor-heading-title elementor-size-default\">Cartera De Dise\u00f1o Y Diversificaci\u00f3n<\/h5>\t\t\t\t<\/div>\n\t\t\t\t<div class=\"elementor-element elementor-element-d61626b elementor-widget__width-inherit elementor-widget elementor-widget-text-editor\" data-id=\"d61626b\" data-element_type=\"widget\" data-widget_type=\"text-editor.default\">\n\t\t\t\t\t\t\t\t\tConocimiento profundo y sobre el terreno los conocimientos para ayudarle a navegar por los matices de los complejos mercados locales.\t\t\t\t\t\t\t\t<\/div>\n\t\t\t\t<\/div>\n\t\t<div class=\"elementor-element elementor-element-ceb67ec e-con-full feature-card e-flex wpr-particle-no wpr-jarallax-no wpr-parallax-no wpr-sticky-section-no e-con e-child\" data-id=\"ceb67ec\" data-element_type=\"container\">\n\t\t\t\t<div class=\"elementor-element elementor-element-2620656 elementor-widget__width-inherit elementor-widget elementor-widget-heading\" data-id=\"2620656\" data-element_type=\"widget\" data-widget_type=\"heading.default\">\n\t\t\t\t\t<h5 class=\"elementor-heading-title elementor-size-default\">Gestor De Fondos De Acceso<\/h5>\t\t\t\t<\/div>\n\t\t\t\t<div class=\"elementor-element elementor-element-2248b23 elementor-widget__width-inherit elementor-widget elementor-widget-text-editor\" data-id=\"2248b23\" data-element_type=\"widget\" data-widget_type=\"text-editor.default\">\n\t\t\t\t\t\t\t\t\tConocimiento profundo y sobre el terreno los conocimientos para ayudarle a navegar por los matices de los complejos mercados locales.\t\t\t\t\t\t\t\t<\/div>\n\t\t\t\t<\/div>\n\t\t\t\t<\/div>\n\t\t<div class=\"elementor-element elementor-element-8f0d321 e-con-full overlay-before e-flex wpr-particle-no wpr-jarallax-no wpr-parallax-no wpr-sticky-section-no e-con e-child\" data-id=\"8f0d321\" data-element_type=\"container\" data-settings=\"{&quot;background_background&quot;:&quot;classic&quot;}\">\n\t\t\t\t<\/div>\n\t\t\t\t<\/div>\n\t\t\t\t\t<\/div>\n\t\t\t\t<\/div>\n\t\t\t\t<\/div>","protected":false},"excerpt":{"rendered":"<p>Asset Management Our asset management services are designed to deliver tailored solutions that align with the unique needs of our clients. By partnering with niche managers who possess specialized expertise and deep market insights, we aim to optimize alpha generation across diverse asset classes. Our approach combines innovative strategies, rigorous risk management, and a client-centric focus to ensure personalized portfolio construction and performance excellence. Whether navigating complex market conditions or identifying emerging opportunities, our bespoke solutions empower clients to achieve their financial objectives while maintaining a competitive edge in the investment landscape. Portfolio Design &amp; Diversification Deep knowledge and on-the-ground insights to help you navigate the nuances of complex local markets. Fund Manager Access Deep knowledge and on-the-ground insights to help you navigate the nuances of complex local markets.<\/p>","protected":false},"author":1,"featured_media":0,"parent":0,"menu_order":4,"comment_status":"closed","ping_status":"closed","template":"","meta":{"footnotes":""},"class_list":["post-241","page","type-page","status-publish","hentry"],"_links":{"self":[{"href":"https:\/\/www.khorlancapital.com\/es\/wp-json\/wp\/v2\/pages\/241","targetHints":{"allow":["GET"]}}],"collection":[{"href":"https:\/\/www.khorlancapital.com\/es\/wp-json\/wp\/v2\/pages"}],"about":[{"href":"https:\/\/www.khorlancapital.com\/es\/wp-json\/wp\/v2\/types\/page"}],"author":[{"embeddable":true,"href":"https:\/\/www.khorlancapital.com\/es\/wp-json\/wp\/v2\/users\/1"}],"replies":[{"embeddable":true,"href":"https:\/\/www.khorlancapital.com\/es\/wp-json\/wp\/v2\/comments?post=241"}],"version-history":[{"count":5,"href":"https:\/\/www.khorlancapital.com\/es\/wp-json\/wp\/v2\/pages\/241\/revisions"}],"predecessor-version":[{"id":701,"href":"https:\/\/www.khorlancapital.com\/es\/wp-json\/wp\/v2\/pages\/241\/revisions\/701"}],"wp:attachment":[{"href":"https:\/\/www.khorlancapital.com\/es\/wp-json\/wp\/v2\/media?parent=241"}],"curies":[{"name":"wp","href":"https:\/\/api.w.org\/{rel}","templated":true}]}}