{"id":280,"date":"2025-07-05T09:33:19","date_gmt":"2025-07-05T09:33:19","guid":{"rendered":"https:\/\/www.khorlancapital.com\/?page_id=280"},"modified":"2025-09-02T06:30:41","modified_gmt":"2025-09-02T06:30:41","slug":"global-markets","status":"publish","type":"page","link":"https:\/\/www.khorlancapital.com\/es\/global-markets\/","title":{"rendered":"Los Mercados Globales De Acceso"},"content":{"rendered":"<div data-elementor-type=\"wp-page\" data-elementor-id=\"280\" class=\"elementor elementor-280\">\n\t\t\t\t<div class=\"elementor-element elementor-element-c4218c9 breadcrumb overlay-before e-flex e-con-boxed wpr-particle-no wpr-jarallax-no wpr-parallax-no wpr-sticky-section-no e-con e-parent\" data-id=\"c4218c9\" data-element_type=\"container\" data-settings=\"{&quot;background_background&quot;:&quot;classic&quot;}\">\n\t\t\t\t\t<div class=\"e-con-inner\">\n\t\t<div class=\"elementor-element elementor-element-5b0f8a5 e-con-full sticky-space e-flex wpr-particle-no wpr-jarallax-no wpr-parallax-no wpr-sticky-section-no e-con e-child\" data-id=\"5b0f8a5\" data-element_type=\"container\">\n\t\t\t\t<\/div>\n\t\t<div class=\"elementor-element elementor-element-744d1ce e-con-full e-flex wpr-particle-no wpr-jarallax-no wpr-parallax-no wpr-sticky-section-no e-con e-child\" data-id=\"744d1ce\" data-element_type=\"container\">\n\t\t\t\t<div class=\"elementor-element elementor-element-7cb1dfc elementor-widget__width-initial elementor-widget-tablet__width-inherit elementor-widget elementor-widget-heading\" data-id=\"7cb1dfc\" data-element_type=\"widget\" data-widget_type=\"heading.default\">\n\t\t\t\t\t<h2 class=\"elementor-heading-title elementor-size-default\">Los Mercados Globales De Acceso<\/h2>\t\t\t\t<\/div>\n\t\t\t\t<div class=\"elementor-element elementor-element-4a56283 elementor-widget__width-initial elementor-widget-tablet__width-inherit elementor-widget elementor-widget-heading\" data-id=\"4a56283\" data-element_type=\"widget\" data-widget_type=\"heading.default\">\n\t\t\t\t\t<h3 class=\"elementor-heading-title elementor-size-default\">Nos Puente De Los Clientes De Los Mercados Globales<\/h3>\t\t\t\t<\/div>\n\t\t\t\t<\/div>\n\t\t\t\t\t<\/div>\n\t\t\t\t<\/div>\n\t\t<div class=\"elementor-element elementor-element-88aa617 e-flex e-con-boxed wpr-particle-no wpr-jarallax-no wpr-parallax-no wpr-sticky-section-no e-con e-parent\" data-id=\"88aa617\" data-element_type=\"container\">\n\t\t\t\t\t<div class=\"e-con-inner\">\n\t\t<div class=\"elementor-element elementor-element-2a3b8db e-con-full story-canvas overlay-before e-flex wpr-particle-no wpr-jarallax-no wpr-parallax-no wpr-sticky-section-no e-con e-child\" data-id=\"2a3b8db\" data-element_type=\"container\" data-settings=\"{&quot;background_background&quot;:&quot;classic&quot;}\">\n\t\t\t\t<div class=\"elementor-element elementor-element-9c842e7 elementor-widget elementor-widget-text-editor\" data-id=\"9c842e7\" data-element_type=\"widget\" data-widget_type=\"text-editor.default\">\n\t\t\t\t\t\t\t\t\tMotivamos a las instituciones en los mercados Emergentes por la perfecci\u00f3n la conexi\u00f3n a los mercados de capitales mundiales, el desbloqueo de nuevas v\u00edas de acceso a los mercados y al aumento de la liquidez. Nuestras soluciones proporcionan acceso directo a alto nivel de los bancos por los servicios de custodia, la financiaci\u00f3n, la liquidaci\u00f3n y la tecnolog\u00eda m\u00e1s avanzada, garantizando una experiencia homog\u00e9nea y eficiente. Si usted est\u00e1 buscando para optimizar los flujos de capital, racionalizar las operaciones, o toque en el global de los recursos financieros, ofrecemos la experiencia y la infraestructura para ayudar a su instituci\u00f3n a navegar y a prosperar en un mundo cada vez m\u00e1s interconectado. Con un compromiso con la innovaci\u00f3n y alianzas estrat\u00e9gicas, nos posicionamos su negocio para aprovechar las nuevas oportunidades y lograr un crecimiento sostenible a escala mundial.\t\t\t\t\t\t\t\t<\/div>\n\t\t\t\t<\/div>\n\t\t\t\t\t<\/div>\n\t\t\t\t<\/div>\n\t\t\t\t<\/div>","protected":false},"excerpt":{"rendered":"<p>Global Markets Access We Bridge Clients To Global Markets We empower institutions in Emerging markets by seamlessly connecting them to global capital markets, unlocking new avenues for market access and enhanced liquidity. Our tailored solutions provide direct access to top-tier banks for custody services, financing, settlement, and advanced technology, ensuring a smooth and efficient experience. Whether you&#8217;re seeking to optimize capital flows, streamline operations, or tap into global financial resources, we offer the expertise and infrastructure to help your institution navigate and thrive in an increasingly interconnected world. With a commitment to innovation and strategic partnerships, we position your business to seize new opportunities and drive sustainable growth on a global scale.<\/p>","protected":false},"author":1,"featured_media":0,"parent":0,"menu_order":5,"comment_status":"closed","ping_status":"closed","template":"","meta":{"footnotes":""},"class_list":["post-280","page","type-page","status-publish","hentry"],"_links":{"self":[{"href":"https:\/\/www.khorlancapital.com\/es\/wp-json\/wp\/v2\/pages\/280","targetHints":{"allow":["GET"]}}],"collection":[{"href":"https:\/\/www.khorlancapital.com\/es\/wp-json\/wp\/v2\/pages"}],"about":[{"href":"https:\/\/www.khorlancapital.com\/es\/wp-json\/wp\/v2\/types\/page"}],"author":[{"embeddable":true,"href":"https:\/\/www.khorlancapital.com\/es\/wp-json\/wp\/v2\/users\/1"}],"replies":[{"embeddable":true,"href":"https:\/\/www.khorlancapital.com\/es\/wp-json\/wp\/v2\/comments?post=280"}],"version-history":[{"count":5,"href":"https:\/\/www.khorlancapital.com\/es\/wp-json\/wp\/v2\/pages\/280\/revisions"}],"predecessor-version":[{"id":704,"href":"https:\/\/www.khorlancapital.com\/es\/wp-json\/wp\/v2\/pages\/280\/revisions\/704"}],"wp:attachment":[{"href":"https:\/\/www.khorlancapital.com\/es\/wp-json\/wp\/v2\/media?parent=280"}],"curies":[{"name":"wp","href":"https:\/\/api.w.org\/{rel}","templated":true}]}}