{"id":292,"date":"2025-07-05T10:07:31","date_gmt":"2025-07-05T10:07:31","guid":{"rendered":"https:\/\/www.khorlancapital.com\/?page_id=292"},"modified":"2025-09-02T06:30:41","modified_gmt":"2025-09-02T06:30:41","slug":"financial-advisory","status":"publish","type":"page","link":"https:\/\/www.khorlancapital.com\/es\/financial-advisory\/","title":{"rendered":"Asesor\u00eda Financiera"},"content":{"rendered":"<div data-elementor-type=\"wp-page\" data-elementor-id=\"292\" class=\"elementor elementor-292\">\n\t\t\t\t<div class=\"elementor-element elementor-element-29f92bd breadcrumb overlay-before e-flex e-con-boxed wpr-particle-no wpr-jarallax-no wpr-parallax-no wpr-sticky-section-no e-con e-parent\" data-id=\"29f92bd\" data-element_type=\"container\" data-settings=\"{&quot;background_background&quot;:&quot;classic&quot;}\">\n\t\t\t\t\t<div class=\"e-con-inner\">\n\t\t<div class=\"elementor-element elementor-element-c48149b e-con-full sticky-space e-flex wpr-particle-no wpr-jarallax-no wpr-parallax-no wpr-sticky-section-no e-con e-child\" data-id=\"c48149b\" data-element_type=\"container\">\n\t\t\t\t<\/div>\n\t\t<div class=\"elementor-element elementor-element-a4bde22 e-con-full e-flex wpr-particle-no wpr-jarallax-no wpr-parallax-no wpr-sticky-section-no e-con e-child\" data-id=\"a4bde22\" data-element_type=\"container\">\n\t\t\t\t<div class=\"elementor-element elementor-element-ca99862 elementor-widget__width-initial elementor-widget-tablet__width-inherit elementor-widget elementor-widget-heading\" data-id=\"ca99862\" data-element_type=\"widget\" data-widget_type=\"heading.default\">\n\t\t\t\t\t<h2 class=\"elementor-heading-title elementor-size-default\">Asesor\u00eda Financiera<\/h2>\t\t\t\t<\/div>\n\t\t\t\t<\/div>\n\t\t\t\t\t<\/div>\n\t\t\t\t<\/div>\n\t\t<div class=\"elementor-element elementor-element-4bd8505 e-flex e-con-boxed wpr-particle-no wpr-jarallax-no wpr-parallax-no wpr-sticky-section-no e-con e-parent\" data-id=\"4bd8505\" data-element_type=\"container\">\n\t\t\t\t\t<div class=\"e-con-inner\">\n\t\t<div class=\"elementor-element elementor-element-98eac86 e-con-full story-canvas overlay-before e-flex wpr-particle-no wpr-jarallax-no wpr-parallax-no wpr-sticky-section-no e-con e-child\" data-id=\"98eac86\" data-element_type=\"container\">\n\t\t\t\t<div class=\"elementor-element elementor-element-ff43f6a elementor-widget elementor-widget-text-editor\" data-id=\"ff43f6a\" data-element_type=\"widget\" data-widget_type=\"text-editor.default\">\n\t\t\t\t\t\t\t\t\tNuestros servicios de asesor\u00eda financiera para clientes institucionales est\u00e1n dise\u00f1ados para optimizar el rendimiento y navegar las complejidades de los mercados globales. Trabajamos en estrecha colaboraci\u00f3n con las organizaciones de forma personalizada para desarrollar estrategias de inversi\u00f3n, gesti\u00f3n de riesgos, y mejorar la liquidez, asegurando la alineaci\u00f3n con largo plazo de los objetivos financieros. Nuestro equipo de expertos ofrece una gama completa de servicios, incluyendo la gesti\u00f3n de cartera, captaci\u00f3n de capital, la asignaci\u00f3n de activos, y asesoramiento estrat\u00e9gico. Con un profundo entendimiento de las necesidades institucionales y las din\u00e1micas del mercado, ofrecemos los conocimientos y herramientas necesarias para impulsar el crecimiento sostenible, mejorar la eficiencia operativa, y alcanzar los objetivos financieros.\t\t\t\t\t\t\t\t<\/div>\n\t\t\t\t<div class=\"elementor-element elementor-element-d50e3a0 elementor-widget elementor-widget-heading\" data-id=\"d50e3a0\" data-element_type=\"widget\" data-widget_type=\"heading.default\">\n\t\t\t\t\t<h5 class=\"elementor-heading-title elementor-size-default\"><em>Conf\u00ede en nosotros para ser Su socio Estrat\u00e9gico en la navegaci\u00f3n de la evoluci\u00f3n de la situaci\u00f3n financiera de<\/em><\/h5>\t\t\t\t<\/div>\n\t\t\t\t<\/div>\n\t\t\t\t\t<\/div>\n\t\t\t\t<\/div>\n\t\t\t\t<\/div>","protected":false},"excerpt":{"rendered":"<p>Financial Advisory Our financial advisory services for institutional clients are designed to optimize performance and navigate the complexities of global markets. We work closely with organizations to develop customized investment strategies, manage risk, and enhance liquidity, ensuring alignment with long-term financial objectives. Our expert team offers a full spectrum of services, including portfolio management, capital raising, asset allocation, and strategic advisory. With a deep understanding of institutional needs and market dynamics, we provide the insights and tools necessary to drive sustainable growth, improve operational efficiency, and achieve financial goals. Trust us to be Your Strategic partner in navigating the evolving financial landscape<\/p>","protected":false},"author":1,"featured_media":0,"parent":0,"menu_order":6,"comment_status":"closed","ping_status":"closed","template":"","meta":{"footnotes":""},"class_list":["post-292","page","type-page","status-publish","hentry"],"_links":{"self":[{"href":"https:\/\/www.khorlancapital.com\/es\/wp-json\/wp\/v2\/pages\/292","targetHints":{"allow":["GET"]}}],"collection":[{"href":"https:\/\/www.khorlancapital.com\/es\/wp-json\/wp\/v2\/pages"}],"about":[{"href":"https:\/\/www.khorlancapital.com\/es\/wp-json\/wp\/v2\/types\/page"}],"author":[{"embeddable":true,"href":"https:\/\/www.khorlancapital.com\/es\/wp-json\/wp\/v2\/users\/1"}],"replies":[{"embeddable":true,"href":"https:\/\/www.khorlancapital.com\/es\/wp-json\/wp\/v2\/comments?post=292"}],"version-history":[{"count":5,"href":"https:\/\/www.khorlancapital.com\/es\/wp-json\/wp\/v2\/pages\/292\/revisions"}],"predecessor-version":[{"id":790,"href":"https:\/\/www.khorlancapital.com\/es\/wp-json\/wp\/v2\/pages\/292\/revisions\/790"}],"wp:attachment":[{"href":"https:\/\/www.khorlancapital.com\/es\/wp-json\/wp\/v2\/media?parent=292"}],"curies":[{"name":"wp","href":"https:\/\/api.w.org\/{rel}","templated":true}]}}