{"id":336,"date":"2025-07-05T13:49:22","date_gmt":"2025-07-05T13:49:22","guid":{"rendered":"https:\/\/www.khorlancapital.com\/?page_id=336"},"modified":"2025-09-02T06:30:41","modified_gmt":"2025-09-02T06:30:41","slug":"private-equity","status":"publish","type":"page","link":"https:\/\/www.khorlancapital.com\/es\/private-equity\/","title":{"rendered":"De Capital Privado"},"content":{"rendered":"<div data-elementor-type=\"wp-page\" data-elementor-id=\"336\" class=\"elementor elementor-336\">\n\t\t\t\t<div class=\"elementor-element elementor-element-a616579 breadcrumb overlay-before e-flex e-con-boxed wpr-particle-no wpr-jarallax-no wpr-parallax-no wpr-sticky-section-no e-con e-parent\" data-id=\"a616579\" data-element_type=\"container\" data-settings=\"{&quot;background_background&quot;:&quot;classic&quot;}\">\n\t\t\t\t\t<div class=\"e-con-inner\">\n\t\t<div class=\"elementor-element elementor-element-a6f3c0b e-con-full sticky-space e-flex wpr-particle-no wpr-jarallax-no wpr-parallax-no wpr-sticky-section-no e-con e-child\" data-id=\"a6f3c0b\" data-element_type=\"container\">\n\t\t\t\t<\/div>\n\t\t<div class=\"elementor-element elementor-element-88e54d3 e-con-full e-flex wpr-particle-no wpr-jarallax-no wpr-parallax-no wpr-sticky-section-no e-con e-child\" data-id=\"88e54d3\" data-element_type=\"container\">\n\t\t\t\t<div class=\"elementor-element elementor-element-b226d3a elementor-widget__width-initial elementor-widget-tablet__width-inherit elementor-widget elementor-widget-heading\" data-id=\"b226d3a\" data-element_type=\"widget\" data-widget_type=\"heading.default\">\n\t\t\t\t\t<h1 class=\"elementor-heading-title elementor-size-default\">De Capital Privado<\/h1>\t\t\t\t<\/div>\n\t\t\t\t<\/div>\n\t\t\t\t\t<\/div>\n\t\t\t\t<\/div>\n\t\t<div class=\"elementor-element elementor-element-de77334 e-flex e-con-boxed wpr-particle-no wpr-jarallax-no wpr-parallax-no wpr-sticky-section-no e-con e-parent\" data-id=\"de77334\" data-element_type=\"container\">\n\t\t\t\t\t<div class=\"e-con-inner\">\n\t\t<div class=\"elementor-element elementor-element-2d0e35f e-con-full story-canvas overlay-before e-flex wpr-particle-no wpr-jarallax-no wpr-parallax-no wpr-sticky-section-no e-con e-child\" data-id=\"2d0e35f\" data-element_type=\"container\">\n\t\t\t\t<div class=\"elementor-element elementor-element-a51000c elementor-widget elementor-widget-text-editor\" data-id=\"a51000c\" data-element_type=\"widget\" data-widget_type=\"text-editor.default\">\n\t\t\t\t\t\t\t\t\tNuestros servicios de capital privado se centran en el desbloqueo de las oportunidades de crecimiento en las econom\u00edas Emergentes y mercados de Frontera. Nos identificamos con alto potencial de las inversiones en estas din\u00e1micas de las regiones, ofreciendo institucional y acreditaci\u00f3n de los inversores el acceso a los mercados sin explotar con significativo potencial de crecimiento. Nuestro equipo profunda locales ideas, las debidas diligencias, y alianzas estrat\u00e9gicas para descubrir oportunidades en industrias que van desde la tecnolog\u00eda y la infraestructura para el cuidado de la salud y los bienes de consumo. Navegando por la \u00fanica retos y riesgos de estos mercados, se ayuda a los inversores a capitalizar en la etapa temprana de crecimiento y a largo plazo la creaci\u00f3n de valor. Con el compromiso de ofrecer un excelente rendimiento, que somos su socio de confianza en la conducci\u00f3n exitosa de las inversiones en los pa\u00edses Emergentes y mercados de Frontera.\t\t\t\t\t\t\t\t<\/div>\n\t\t\t\t<\/div>\n\t\t\t\t\t<\/div>\n\t\t\t\t<\/div>\n\t\t\t\t<\/div>","protected":false},"excerpt":{"rendered":"<p>Private Equity Our private equity services focus on unlocking growth opportunities in Emerging and Frontier markets. We identify high-potential investments in these dynamic regions, offering institutional and accredited investors access to untapped markets with significant upside potential. Our team leverages deep local insights, rigorous due diligence, and strategic partnerships to uncover opportunities in industries ranging from technology and infrastructure to healthcare and consumer goods. By navigating the unique challenges and risks of these markets, we help investors capitalize on early-stage growth and long-term value creation. With a commitment to delivering superior returns, we are your trusted partner in driving successful investments in Emerging and Frontier markets.<\/p>","protected":false},"author":1,"featured_media":0,"parent":0,"menu_order":7,"comment_status":"closed","ping_status":"closed","template":"","meta":{"footnotes":""},"class_list":["post-336","page","type-page","status-publish","hentry"],"_links":{"self":[{"href":"https:\/\/www.khorlancapital.com\/es\/wp-json\/wp\/v2\/pages\/336","targetHints":{"allow":["GET"]}}],"collection":[{"href":"https:\/\/www.khorlancapital.com\/es\/wp-json\/wp\/v2\/pages"}],"about":[{"href":"https:\/\/www.khorlancapital.com\/es\/wp-json\/wp\/v2\/types\/page"}],"author":[{"embeddable":true,"href":"https:\/\/www.khorlancapital.com\/es\/wp-json\/wp\/v2\/users\/1"}],"replies":[{"embeddable":true,"href":"https:\/\/www.khorlancapital.com\/es\/wp-json\/wp\/v2\/comments?post=336"}],"version-history":[{"count":5,"href":"https:\/\/www.khorlancapital.com\/es\/wp-json\/wp\/v2\/pages\/336\/revisions"}],"predecessor-version":[{"id":710,"href":"https:\/\/www.khorlancapital.com\/es\/wp-json\/wp\/v2\/pages\/336\/revisions\/710"}],"wp:attachment":[{"href":"https:\/\/www.khorlancapital.com\/es\/wp-json\/wp\/v2\/media?parent=336"}],"curies":[{"name":"wp","href":"https:\/\/api.w.org\/{rel}","templated":true}]}}