{"id":341,"date":"2025-07-05T13:51:56","date_gmt":"2025-07-05T13:51:56","guid":{"rendered":"https:\/\/www.khorlancapital.com\/?page_id=341"},"modified":"2025-09-02T06:30:41","modified_gmt":"2025-09-02T06:30:41","slug":"jurisdictional-banking","status":"publish","type":"page","link":"https:\/\/www.khorlancapital.com\/es\/jurisdictional-banking\/","title":{"rendered":"Multi Jurisdiction Banking Advisory Services"},"content":{"rendered":"<div data-elementor-type=\"wp-page\" data-elementor-id=\"341\" class=\"elementor elementor-341\">\n\t\t\t\t<div class=\"elementor-element elementor-element-e6f4366 breadcrumb overlay-before e-flex e-con-boxed wpr-particle-no wpr-jarallax-no wpr-parallax-no wpr-sticky-section-no e-con e-parent\" data-id=\"e6f4366\" data-element_type=\"container\" data-settings=\"{&quot;background_background&quot;:&quot;classic&quot;}\">\n\t\t\t\t\t<div class=\"e-con-inner\">\n\t\t<div class=\"elementor-element elementor-element-157c2fb e-con-full sticky-space e-flex wpr-particle-no wpr-jarallax-no wpr-parallax-no wpr-sticky-section-no e-con e-child\" data-id=\"157c2fb\" data-element_type=\"container\">\n\t\t\t\t<\/div>\n\t\t<div class=\"elementor-element elementor-element-7994eaf e-con-full e-flex wpr-particle-no wpr-jarallax-no wpr-parallax-no wpr-sticky-section-no e-con e-child\" data-id=\"7994eaf\" data-element_type=\"container\">\n\t\t\t\t<div class=\"elementor-element elementor-element-667b4a3 elementor-widget__width-initial elementor-widget-tablet__width-inherit elementor-widget elementor-widget-heading\" data-id=\"667b4a3\" data-element_type=\"widget\" data-widget_type=\"heading.default\">\n\t\t\t\t\t<h1 class=\"elementor-heading-title elementor-size-default\">Multi Jurisdicci\u00f3n de la banca de Servicios de Asesoramiento <\/h1>\t\t\t\t<\/div>\n\t\t\t\t<\/div>\n\t\t\t\t\t<\/div>\n\t\t\t\t<\/div>\n\t\t<div class=\"elementor-element elementor-element-b7a7e40 e-flex e-con-boxed wpr-particle-no wpr-jarallax-no wpr-parallax-no wpr-sticky-section-no e-con e-parent\" data-id=\"b7a7e40\" data-element_type=\"container\">\n\t\t\t\t\t<div class=\"e-con-inner\">\n\t\t<div class=\"elementor-element elementor-element-f750b3e e-con-full e-flex wpr-particle-no wpr-jarallax-no wpr-parallax-no wpr-sticky-section-no e-con e-child\" data-id=\"f750b3e\" data-element_type=\"container\">\n\t\t\t\t<div class=\"elementor-element elementor-element-4666dd2 elementor-widget__width-initial elementor-widget-laptop__width-inherit elementor-widget elementor-widget-heading\" data-id=\"4666dd2\" data-element_type=\"widget\" data-widget_type=\"heading.default\">\n\t\t\t\t\t<h1 class=\"elementor-heading-title elementor-size-default\">Khorlan Asesores Ofrece Servicios Integrales De Banca De Servicios De Asesoramiento<\/h1>\t\t\t\t<\/div>\n\t\t\t\t<\/div>\n\t\t\t\t\t<\/div>\n\t\t\t\t<\/div>\n\t\t<div class=\"elementor-element elementor-element-c9d5b43 e-flex e-con-boxed wpr-particle-no wpr-jarallax-no wpr-parallax-no wpr-sticky-section-no e-con e-parent\" data-id=\"c9d5b43\" data-element_type=\"container\">\n\t\t\t\t\t<div class=\"e-con-inner\">\n\t\t<div class=\"elementor-element elementor-element-ef6c4ff e-con-full e-flex wpr-particle-no wpr-jarallax-no wpr-parallax-no wpr-sticky-section-no e-con e-child\" data-id=\"ef6c4ff\" data-element_type=\"container\">\n\t\t\t\t<div class=\"elementor-element elementor-element-f799e23 elementor-widget__width-inherit elementor-widget elementor-widget-heading\" data-id=\"f799e23\" data-element_type=\"widget\" data-widget_type=\"heading.default\">\n\t\t\t\t\t<h1 class=\"elementor-heading-title elementor-size-default\">Los Bancos Asociados<\/h1>\t\t\t\t<\/div>\n\t\t\t\t<div class=\"elementor-element elementor-element-476d570 elementor-widget elementor-widget-text-editor\" data-id=\"476d570\" data-element_type=\"widget\" data-widget_type=\"text-editor.default\">\n\t\t\t\t\t\t\t\t\tNuestro equipo Multinacional cuenta con alianzas estrat\u00e9gicas con m\u00e1s de 25 bancos globales ayudamos a los clientes a navegar a trav\u00e9s de las jurisdicciones, para encontrar el banco m\u00e1s conveniente y la jurisdicci\u00f3n competente para sus necesidades bancarias.\n\t\t\t\t\t\t\t\t<\/div>\n\t\t\t\t<\/div>\n\t\t<div class=\"elementor-element elementor-element-9a839f3 e-con-full e-flex wpr-particle-no wpr-jarallax-no wpr-parallax-no wpr-sticky-section-no e-con e-child\" data-id=\"9a839f3\" data-element_type=\"container\" data-settings=\"{&quot;background_background&quot;:&quot;classic&quot;}\">\n\t\t\t\t<\/div>\n\t\t\t\t\t<\/div>\n\t\t\t\t<\/div>\n\t\t<div class=\"elementor-element elementor-element-b492950 e-flex e-con-boxed wpr-particle-no wpr-jarallax-no wpr-parallax-no wpr-sticky-section-no e-con e-parent\" data-id=\"b492950\" data-element_type=\"container\">\n\t\t\t\t\t<div class=\"e-con-inner\">\n\t\t<div class=\"elementor-element elementor-element-86f5ed7 e-con-full overlay-before e-flex wpr-particle-no wpr-jarallax-no wpr-parallax-no wpr-sticky-section-no e-con e-child\" data-id=\"86f5ed7\" data-element_type=\"container\" data-settings=\"{&quot;background_background&quot;:&quot;classic&quot;}\">\n\t\t\t\t<div class=\"elementor-element elementor-element-6f6b69c elementor-widget elementor-widget-heading\" data-id=\"6f6b69c\" data-element_type=\"widget\" data-widget_type=\"heading.default\">\n\t\t\t\t\t<h1 class=\"elementor-heading-title elementor-size-default\">Que el banco y de las jurisdicciones, es adecuado para m\u00ed?<\/h1>\t\t\t\t<\/div>\n\t\t\t\t<div class=\"elementor-element elementor-element-fa2176f elementor-widget elementor-widget-text-editor\" data-id=\"fa2176f\" data-element_type=\"widget\" data-widget_type=\"text-editor.default\">\n\t\t\t\t\t\t\t\t\tA menudo es una pregunta que los clientes internacionales a pedir cuando la b\u00fasqueda de relaciones bancarias fuera de sus mercados locales. Khrolan Asesores ofrece amplia informaci\u00f3n sobre antecedentes de ambas jurisdicciones y entidades bancarias con el fin de ayudar a los clientes a elegir la mejor de la jurisdicci\u00f3n y de los bancos para sus necesidades de negocio.\t\t\t\t\t\t\t\t<\/div>\n\t\t\t\t<\/div>\n\t\t\t\t\t<\/div>\n\t\t\t\t<\/div>\n\t\t<div class=\"elementor-element elementor-element-393bc0c e-flex e-con-boxed wpr-particle-no wpr-jarallax-no wpr-parallax-no wpr-sticky-section-no e-con e-parent\" data-id=\"393bc0c\" data-element_type=\"container\">\n\t\t\t\t\t<div class=\"e-con-inner\">\n\t\t<div class=\"elementor-element elementor-element-dd352be e-con-full e-flex wpr-particle-no wpr-jarallax-no wpr-parallax-no wpr-sticky-section-no e-con e-child\" data-id=\"dd352be\" data-element_type=\"container\" data-settings=\"{&quot;background_background&quot;:&quot;classic&quot;}\">\n\t\t\t\t<\/div>\n\t\t<div class=\"elementor-element elementor-element-1758c67 e-con-full e-flex wpr-particle-no wpr-jarallax-no wpr-parallax-no wpr-sticky-section-no e-con e-child\" data-id=\"1758c67\" data-element_type=\"container\">\n\t\t\t\t<div class=\"elementor-element elementor-element-3d98656 elementor-widget__width-inherit elementor-widget elementor-widget-heading\" data-id=\"3d98656\" data-element_type=\"widget\" data-widget_type=\"heading.default\">\n\t\t\t\t\t<h1 class=\"elementor-heading-title elementor-size-default\">Consideraciones Importantes<\/h1>\t\t\t\t<\/div>\n\t\t\t\t<div class=\"elementor-element elementor-element-6aaefa3 elementor-widget elementor-widget-text-editor\" data-id=\"6aaefa3\" data-element_type=\"widget\" data-widget_type=\"text-editor.default\">\n\t\t\t\t\t\t\t\t\t<p>Cada banco Asociado tendr\u00e1 su propia cuenta de los procedimientos de apertura y ofertas de productos, No todos los bancos aceptan todos los clientes, ni proporcionar a los clientes con todos los servicios bancarios. Khorlan Asesores en base al mejor esfuerzo trabajar\u00e1 con los clientes para facilitar la cuenta de aberturas, sin embargo, cada banco de tomar decisiones independientes, de conformidad con los internos y la normativa local como a cuenta de las aberturas y de los servicios prestados.<\/p> \n<p>Todos los Posibles cuentas ser\u00e1n examinados a fondo para la AML y KYC procedimientos en conformidad con las normas Internacionales KYC y AML est\u00e1ndar.<\/p>\n<p>De d\u00e9bito y de Cr\u00e9dito de emisi\u00f3n de la tarjeta est\u00e1n sujetos a cada banco la oferta de productos , no todos los bancos ofrecen tarjetas de Cr\u00e9dito y D\u00e9bito a clientes extranjeros.<\/p>\t\t\t\t\t\t\t\t<\/div>\n\t\t\t\t<\/div>\n\t\t\t\t\t<\/div>\n\t\t\t\t<\/div>\n\t\t<div class=\"elementor-element elementor-element-0d050b5 e-flex e-con-boxed wpr-particle-no wpr-jarallax-no wpr-parallax-no wpr-sticky-section-no e-con e-parent\" data-id=\"0d050b5\" data-element_type=\"container\">\n\t\t\t\t\t<div class=\"e-con-inner\">\n\t\t\t\t<div class=\"elementor-element elementor-element-c70b952 elementor-widget elementor-widget-spacer\" data-id=\"c70b952\" data-element_type=\"widget\" data-widget_type=\"spacer.default\">\n\t\t\t\t\t\t\t<div class=\"elementor-spacer\">\n\t\t\t<div class=\"elementor-spacer-inner\"><\/div>\n\t\t<\/div>\n\t\t\t\t\t\t<\/div>\n\t\t\t\t\t<\/div>\n\t\t\t\t<\/div>\n\t\t\t\t<\/div>","protected":false},"excerpt":{"rendered":"<p>Multi Jurisdiction banking Advisory Services Khorlan Advisors Provides Comprehensive Banking \u200bAdvisory Services Partner Banks \u200b Our Multinational team has strategic alliances with over 25 global banks \u200b We help clients navigate through jurisdictions to find the most suitable bank and jurisdiction for their banking needs. Which bank and jurisdictions is right for me? Is often a question that international clients ask when searching for banking relationships outside their home markets. \u200bKhrolan Advisors provides extensive background information on both jurisdictions and banking institutions in order to help clients choose the best suitable jurisdiction and banks for their business needs. Important Considerations Each Partner bank will have it own account opening procedures and product offerings, Not all banks will accept all clients nor provide clients with all banking services. Khorlan Advisors on a best effort basis will work with clients to facilitate account openings, however each bank will make independent decisions in accordance with both internal and local regulations as to account openings and services provided. All Potential accounts will be screened thoroughly for AML and KYC procedures in accordance with International KYC and AML standard. Debit and Credit card issuance are subject to each bank\u2019s product offering , not all banks offer Credit and Debit cards to foreign clients.<\/p>","protected":false},"author":1,"featured_media":0,"parent":0,"menu_order":8,"comment_status":"closed","ping_status":"closed","template":"","meta":{"footnotes":""},"class_list":["post-341","page","type-page","status-publish","hentry"],"_links":{"self":[{"href":"https:\/\/www.khorlancapital.com\/es\/wp-json\/wp\/v2\/pages\/341","targetHints":{"allow":["GET"]}}],"collection":[{"href":"https:\/\/www.khorlancapital.com\/es\/wp-json\/wp\/v2\/pages"}],"about":[{"href":"https:\/\/www.khorlancapital.com\/es\/wp-json\/wp\/v2\/types\/page"}],"author":[{"embeddable":true,"href":"https:\/\/www.khorlancapital.com\/es\/wp-json\/wp\/v2\/users\/1"}],"replies":[{"embeddable":true,"href":"https:\/\/www.khorlancapital.com\/es\/wp-json\/wp\/v2\/comments?post=341"}],"version-history":[{"count":5,"href":"https:\/\/www.khorlancapital.com\/es\/wp-json\/wp\/v2\/pages\/341\/revisions"}],"predecessor-version":[{"id":713,"href":"https:\/\/www.khorlancapital.com\/es\/wp-json\/wp\/v2\/pages\/341\/revisions\/713"}],"wp:attachment":[{"href":"https:\/\/www.khorlancapital.com\/es\/wp-json\/wp\/v2\/media?parent=341"}],"curies":[{"name":"wp","href":"https:\/\/api.w.org\/{rel}","templated":true}]}}