{"id":353,"date":"2025-07-05T14:29:15","date_gmt":"2025-07-05T14:29:15","guid":{"rendered":"https:\/\/www.khorlancapital.com\/?page_id=353"},"modified":"2025-09-02T06:30:41","modified_gmt":"2025-09-02T06:30:41","slug":"fintech-solutions","status":"publish","type":"page","link":"https:\/\/www.khorlancapital.com\/es\/fintech-solutions\/","title":{"rendered":"Fintech Soluciones para el Mundo Emergente"},"content":{"rendered":"<div data-elementor-type=\"wp-page\" data-elementor-id=\"353\" class=\"elementor elementor-353\">\n\t\t\t\t<div class=\"elementor-element elementor-element-adc6aaf breadcrumb overlay-before e-flex e-con-boxed wpr-particle-no wpr-jarallax-no wpr-parallax-no wpr-sticky-section-no e-con e-parent\" data-id=\"adc6aaf\" data-element_type=\"container\" data-settings=\"{&quot;background_background&quot;:&quot;classic&quot;}\">\n\t\t\t\t\t<div class=\"e-con-inner\">\n\t\t<div class=\"elementor-element elementor-element-7b53d8f e-con-full sticky-space e-flex wpr-particle-no wpr-jarallax-no wpr-parallax-no wpr-sticky-section-no e-con e-child\" data-id=\"7b53d8f\" data-element_type=\"container\">\n\t\t\t\t<\/div>\n\t\t<div class=\"elementor-element elementor-element-cef21ab e-con-full e-flex wpr-particle-no wpr-jarallax-no wpr-parallax-no wpr-sticky-section-no e-con e-child\" data-id=\"cef21ab\" data-element_type=\"container\">\n\t\t\t\t<div class=\"elementor-element elementor-element-a95c4ed elementor-widget__width-initial elementor-widget-tablet__width-inherit elementor-widget elementor-widget-heading\" data-id=\"a95c4ed\" data-element_type=\"widget\" data-widget_type=\"heading.default\">\n\t\t\t\t\t<h2 class=\"elementor-heading-title elementor-size-default\">Fintech Soluciones para el Mundo Emergente<\/h2>\t\t\t\t<\/div>\n\t\t\t\t<div class=\"elementor-element elementor-element-92f1e07 custom-btn-lumos elementor-widget__width-auto elementor-widget elementor-widget-button\" data-id=\"92f1e07\" data-element_type=\"widget\" data-widget_type=\"button.default\">\n\t\t\t\t\t\t\t\t\t\t<a class=\"elementor-button elementor-button-link elementor-size-sm\" href=\"https:\/\/www.khorlantech.com\/\" target=\"_blank\">\n\t\t\t\t\t\t<span class=\"elementor-button-content-wrapper\">\n\t\t\t\t\t\t\t\t\t<span class=\"elementor-button-text\">Aprender M\u00e1s<\/span>\n\t\t\t\t\t<\/span>\n\t\t\t\t\t<\/a>\n\t\t\t\t\t\t\t\t<\/div>\n\t\t\t\t<\/div>\n\t\t\t\t\t<\/div>\n\t\t\t\t<\/div>\n\t\t<div class=\"elementor-element elementor-element-c08631a e-flex e-con-boxed wpr-particle-no wpr-jarallax-no wpr-parallax-no wpr-sticky-section-no e-con e-parent\" data-id=\"c08631a\" data-element_type=\"container\">\n\t\t\t\t\t<div class=\"e-con-inner\">\n\t\t<div class=\"elementor-element elementor-element-48d39fb e-con-full story-canvas overlay-before e-flex wpr-particle-no wpr-jarallax-no wpr-parallax-no wpr-sticky-section-no e-con e-child\" data-id=\"48d39fb\" data-element_type=\"container\">\n\t\t\t\t<div class=\"elementor-element elementor-element-2409ac8 elementor-widget elementor-widget-text-editor\" data-id=\"2409ac8\" data-element_type=\"widget\" data-widget_type=\"text-editor.default\">\n\t\t\t\t\t\t\t\t\tNos especializamos en llevar vanguardia fintech soluciones a las instituciones financieras en los pa\u00edses emergentes y mercados de frontera. Nuestra misi\u00f3n es empoderar a estas instituciones con tecnolog\u00edas innovadoras que mejoran la eficiencia operativa, mejorar la experiencia del cliente, y de la unidad de inclusi\u00f3n financiera. Mediante el aprovechamiento de los avances en la frente a la parte posterior de soluciones de Inversi\u00f3n , banca digital, sistemas de pago, pr\u00e9stamos de plataformas y herramientas de gesti\u00f3n de riesgo, nuestro objetivo es cerrar la brecha entre los servicios financieros tradicionales y modernos de la capacidad tecnol\u00f3gica. Nuestras soluciones est\u00e1n dise\u00f1adas para abordar los desaf\u00edos \u00fanicos que enfrentan las instituciones que act\u00faan en la din\u00e1mica y el crecimiento de los entornos.\t\t\t\t\t\t\t\t<\/div>\n\t\t\t\t<\/div>\n\t\t\t\t\t<\/div>\n\t\t\t\t<\/div>\n\t\t\t\t<\/div>","protected":false},"excerpt":{"rendered":"<p>Fintech Solutions for the Emerging World Learn More We specialize in bringing cutting-edge fintech solutions to financial institutions in emerging and frontier markets. Our mission is to empower these institutions with innovative technologies that enhance operational efficiency, improve customer experiences, and drive financial inclusion. By leveraging advancements in front to back Investment solutions , digital banking, payment systems, lending platforms, and risk management tools, we aim to bridge the gap between traditional financial services and modern technological capabilities. Our tailored solutions are designed to address the unique challenges faced by institutions operating in dynamic and high-growth environments.<\/p>","protected":false},"author":1,"featured_media":0,"parent":0,"menu_order":9,"comment_status":"closed","ping_status":"closed","template":"","meta":{"footnotes":""},"class_list":["post-353","page","type-page","status-publish","hentry"],"_links":{"self":[{"href":"https:\/\/www.khorlancapital.com\/es\/wp-json\/wp\/v2\/pages\/353","targetHints":{"allow":["GET"]}}],"collection":[{"href":"https:\/\/www.khorlancapital.com\/es\/wp-json\/wp\/v2\/pages"}],"about":[{"href":"https:\/\/www.khorlancapital.com\/es\/wp-json\/wp\/v2\/types\/page"}],"author":[{"embeddable":true,"href":"https:\/\/www.khorlancapital.com\/es\/wp-json\/wp\/v2\/users\/1"}],"replies":[{"embeddable":true,"href":"https:\/\/www.khorlancapital.com\/es\/wp-json\/wp\/v2\/comments?post=353"}],"version-history":[{"count":5,"href":"https:\/\/www.khorlancapital.com\/es\/wp-json\/wp\/v2\/pages\/353\/revisions"}],"predecessor-version":[{"id":719,"href":"https:\/\/www.khorlancapital.com\/es\/wp-json\/wp\/v2\/pages\/353\/revisions\/719"}],"wp:attachment":[{"href":"https:\/\/www.khorlancapital.com\/es\/wp-json\/wp\/v2\/media?parent=353"}],"curies":[{"name":"wp","href":"https:\/\/api.w.org\/{rel}","templated":true}]}}