{"id":362,"date":"2025-07-05T14:57:50","date_gmt":"2025-07-05T14:57:50","guid":{"rendered":"https:\/\/www.khorlancapital.com\/?page_id=362"},"modified":"2025-09-02T06:30:41","modified_gmt":"2025-09-02T06:30:41","slug":"family-office","status":"publish","type":"page","link":"https:\/\/www.khorlancapital.com\/es\/family-office\/","title":{"rendered":"La Familia De La Oficina De Asesor\u00eda"},"content":{"rendered":"<div data-elementor-type=\"wp-page\" data-elementor-id=\"362\" class=\"elementor elementor-362\">\n\t\t\t\t<div class=\"elementor-element elementor-element-9db5edf breadcrumb overlay-before e-flex e-con-boxed wpr-particle-no wpr-jarallax-no wpr-parallax-no wpr-sticky-section-no e-con e-parent\" data-id=\"9db5edf\" data-element_type=\"container\" data-settings=\"{&quot;background_background&quot;:&quot;classic&quot;}\">\n\t\t\t\t\t<div class=\"e-con-inner\">\n\t\t<div class=\"elementor-element elementor-element-6feccb6 e-con-full sticky-space e-flex wpr-particle-no wpr-jarallax-no wpr-parallax-no wpr-sticky-section-no e-con e-child\" data-id=\"6feccb6\" data-element_type=\"container\">\n\t\t\t\t<\/div>\n\t\t<div class=\"elementor-element elementor-element-45dcb68 e-con-full e-flex wpr-particle-no wpr-jarallax-no wpr-parallax-no wpr-sticky-section-no e-con e-child\" data-id=\"45dcb68\" data-element_type=\"container\">\n\t\t\t\t<div class=\"elementor-element elementor-element-a62248f elementor-widget__width-initial elementor-widget-tablet__width-inherit elementor-widget elementor-widget-heading\" data-id=\"a62248f\" data-element_type=\"widget\" data-widget_type=\"heading.default\">\n\t\t\t\t\t<h2 class=\"elementor-heading-title elementor-size-default\">La Familia De La Oficina De Asesor\u00eda<\/h2>\t\t\t\t<\/div>\n\t\t\t\t<\/div>\n\t\t\t\t\t<\/div>\n\t\t\t\t<\/div>\n\t\t<div class=\"elementor-element elementor-element-448b507 e-flex e-con-boxed wpr-particle-no wpr-jarallax-no wpr-parallax-no wpr-sticky-section-no e-con e-parent\" data-id=\"448b507\" data-element_type=\"container\">\n\t\t\t\t\t<div class=\"e-con-inner\">\n\t\t<div class=\"elementor-element elementor-element-c199b47 e-con-full story-canvas overlay-before e-flex wpr-particle-no wpr-jarallax-no wpr-parallax-no wpr-sticky-section-no e-con e-child\" data-id=\"c199b47\" data-element_type=\"container\">\n\t\t\t\t<div class=\"elementor-element elementor-element-bc43a6b elementor-widget elementor-widget-text-editor\" data-id=\"bc43a6b\" data-element_type=\"widget\" data-widget_type=\"text-editor.default\">\n\t\t\t\t\t\t\t\t\tDurante d\u00e9cadas, nos hemos especializado en asesoramiento familiar y generacional de la gesti\u00f3n patrimonial de las familias pudientes en los pa\u00edses emergentes y mercados de frontera. Nuestra experiencia se basa en la comprensi\u00f3n de la \u00fanica complejidades y las oportunidades que estos mercados presentes, lo que nos permite a las embarcaciones de medida de las estrategias que conservar y hacer crecer la riqueza a trav\u00e9s de las generaciones. Ofreciendo un enfoque hol\u00edstico de la planificaci\u00f3n del patrimonio, gesti\u00f3n de inversiones, y la sucesi\u00f3n de las estrategias, capacitar a las familias para lograr sus metas financieras a largo plazo, mientras que la salvaguarda de su legado. Nuestro compromiso con la confianza, la discreci\u00f3n, la excelencia y se asegura de que seguimos siendo un socio de confianza para las familias navegar por la evoluci\u00f3n de la situaci\u00f3n financiera en las altas regiones de crecimiento.\t\t\t\t\t\t\t\t<\/div>\n\t\t\t\t<\/div>\n\t\t\t\t\t<\/div>\n\t\t\t\t<\/div>\n\t\t<div class=\"elementor-element elementor-element-9871c7f e-flex e-con-boxed wpr-particle-no wpr-jarallax-no wpr-parallax-no wpr-sticky-section-no e-con e-parent\" data-id=\"9871c7f\" data-element_type=\"container\">\n\t\t\t\t\t<div class=\"e-con-inner\">\n\t\t<div class=\"elementor-element elementor-element-44bf084 e-con-full e-flex wpr-particle-no wpr-jarallax-no wpr-parallax-no wpr-sticky-section-no e-con e-child\" data-id=\"44bf084\" data-element_type=\"container\" data-settings=\"{&quot;background_background&quot;:&quot;classic&quot;}\">\n\t\t<div class=\"elementor-element elementor-element-b627d85 e-con-full e-flex wpr-particle-no wpr-jarallax-no wpr-parallax-no wpr-sticky-section-no e-con e-child\" data-id=\"b627d85\" data-element_type=\"container\" data-settings=\"{&quot;background_background&quot;:&quot;classic&quot;}\">\n\t\t\t\t<div class=\"elementor-element elementor-element-c100a6a elementor-widget elementor-widget-heading\" data-id=\"c100a6a\" data-element_type=\"widget\" data-widget_type=\"heading.default\">\n\t\t\t\t\t<h3 class=\"elementor-heading-title elementor-size-default\">Conectar a un Mundo de Oportunidades<\/h3>\t\t\t\t<\/div>\n\t\t\t\t<div class=\"elementor-element elementor-element-ffea3bc elementor-widget elementor-widget-text-editor\" data-id=\"ffea3bc\" data-element_type=\"widget\" data-widget_type=\"text-editor.default\">\n\t\t\t\t\t\t\t\t\tDesbloquear todo el potencial de su riqueza con nuestra extensa Familia de la Oficina de servicios de Asesoramiento. Desde los tradicionales veh\u00edculos de inversi\u00f3n del corte-borde de instrumentos financieros, ofrecemos una amplia gama de soluciones a medida dise\u00f1ado para construir una diversificada y resistente de la cartera. Nuestro equipo de expertos que colabora con usted para dise\u00f1ar de manera personalizada estrategias, proporcionando la informaci\u00f3n y orientaci\u00f3n necesarias para maximizar sus inversiones. Si la preservaci\u00f3n de la riqueza para las generaciones futuras o de perseguir el crecimiento, que se conecta a un mundo de oportunidades, d\u00e1ndole el poder para lograr sus ambiciones financieras con confianza.\t\t\t\t\t\t\t\t<\/div>\n\t\t\t\t<\/div>\n\t\t<div class=\"elementor-element elementor-element-0ad241a e-con-full overlay-before e-flex wpr-particle-no wpr-jarallax-no wpr-parallax-no wpr-sticky-section-no e-con e-child\" data-id=\"0ad241a\" data-element_type=\"container\" data-settings=\"{&quot;background_background&quot;:&quot;classic&quot;}\">\n\t\t\t\t<\/div>\n\t\t\t\t<\/div>\n\t\t\t\t\t<\/div>\n\t\t\t\t<\/div>\n\t\t<div class=\"elementor-element elementor-element-d43adb4 e-flex e-con-boxed wpr-particle-no wpr-jarallax-no wpr-parallax-no wpr-sticky-section-no e-con e-parent\" data-id=\"d43adb4\" data-element_type=\"container\">\n\t\t\t\t\t<div class=\"e-con-inner\">\n\t\t<div class=\"elementor-element elementor-element-6696981 e-con-full overlay-before e-flex wpr-particle-no wpr-jarallax-no wpr-parallax-no wpr-sticky-section-no e-con e-child\" data-id=\"6696981\" data-element_type=\"container\" data-settings=\"{&quot;background_background&quot;:&quot;classic&quot;}\">\n\t\t<div class=\"elementor-element elementor-element-c72f711 e-grid e-con-full wpr-particle-no wpr-jarallax-no wpr-parallax-no wpr-sticky-section-no e-con e-child\" data-id=\"c72f711\" data-element_type=\"container\">\n\t\t<div class=\"elementor-element elementor-element-d4c28fd e-con-full service-highlight overlay-before e-flex wpr-particle-no wpr-jarallax-no wpr-parallax-no wpr-sticky-section-no e-con e-child\" data-id=\"d4c28fd\" data-element_type=\"container\">\n\t\t\t\t<div class=\"elementor-element elementor-element-3882a3d elementor-widget__width-inherit elementor-widget elementor-widget-heading\" data-id=\"3882a3d\" data-element_type=\"widget\" data-widget_type=\"heading.default\">\n\t\t\t\t\t<h5 class=\"elementor-heading-title elementor-size-default\">La Riqueza De Gesti\u00f3n Y Estrategia De Inversi\u00f3n<\/h5>\t\t\t\t<\/div>\n\t\t\t\t<div class=\"elementor-element elementor-element-cd02757 elementor-widget elementor-widget-text-editor\" data-id=\"cd02757\" data-element_type=\"widget\" data-widget_type=\"text-editor.default\">\n\t\t\t\t\t\t\t\t\tNuestra familia de la oficina de servicios de personalizaci\u00f3n de soluciones de gesti\u00f3n patrimonial, que ofrece un enfoque integral para el crecimiento y la preservaci\u00f3n de la riqueza familiar. Hemos personalizado del dise\u00f1o de estrategias de inversi\u00f3n que se alinean con sus valores, objetivos y tolerancia al riesgo, asegurando que su cartera est\u00e1 optimizado para el \u00e9xito a largo plazo y la sostenibilidad\t\t\t\t\t\t\t\t<\/div>\n\t\t\t\t<\/div>\n\t\t<div class=\"elementor-element elementor-element-a6ec1a2 e-con-full service-highlight overlay-before e-flex wpr-particle-no wpr-jarallax-no wpr-parallax-no wpr-sticky-section-no e-con e-child\" data-id=\"a6ec1a2\" data-element_type=\"container\">\n\t\t\t\t<div class=\"elementor-element elementor-element-79e7da9 elementor-widget__width-inherit elementor-widget elementor-widget-heading\" data-id=\"79e7da9\" data-element_type=\"widget\" data-widget_type=\"heading.default\">\n\t\t\t\t\t<h5 class=\"elementor-heading-title elementor-size-default\">Asesor De Banca Privada<\/h5>\t\t\t\t<\/div>\n\t\t\t\t<div class=\"elementor-element elementor-element-6d3cb77 elementor-widget elementor-widget-text-editor\" data-id=\"6d3cb77\" data-element_type=\"widget\" data-widget_type=\"text-editor.default\">\n\t\t\t\t\t\t\t\t\tNuestra banca privada Asesor de la oferta de servicios personalizados, soluciones integrales adaptadas a las necesidades \u00fanicas de los individuos y las familias. Con profunda experiencia y nuestras s\u00f3lidas relaciones con los dos principales boutique y de los bancos, nos proporcionan la orientaci\u00f3n de expertos sobre el derecho de seleccionar los socios bancarios. Nos encargamos de todos los aspectos de su banca, a partir de la apertura de la cuenta y el pago de los servicios de gesti\u00f3n de inversiones y soluciones de pr\u00e9stamos, la simplificaci\u00f3n de su experiencia en el sector bancario para apoyar sus metas financieras\t\t\t\t\t\t\t\t<\/div>\n\t\t\t\t<\/div>\n\t\t<div class=\"elementor-element elementor-element-6e8eb1c e-con-full service-highlight overlay-before e-flex wpr-particle-no wpr-jarallax-no wpr-parallax-no wpr-sticky-section-no e-con e-child\" data-id=\"6e8eb1c\" data-element_type=\"container\">\n\t\t\t\t<div class=\"elementor-element elementor-element-480f2b9 elementor-widget__width-inherit elementor-widget elementor-widget-heading\" data-id=\"480f2b9\" data-element_type=\"widget\" data-widget_type=\"heading.default\">\n\t\t\t\t\t<h5 class=\"elementor-heading-title elementor-size-default\">De Impuestos Y Gesti\u00f3n De Riesgos<\/h5>\t\t\t\t<\/div>\n\t\t\t\t<div class=\"elementor-element elementor-element-020452e elementor-widget elementor-widget-text-editor\" data-id=\"020452e\" data-element_type=\"widget\" data-widget_type=\"text-editor.default\">\n\t\t\t\t\t\t\t\t\tOfrecemos proactiva en la planificaci\u00f3n fiscal y estrategias de gesti\u00f3n del riesgo para proteger su riqueza y optimizar su posici\u00f3n financiera. Nuestros expertos trabajan con usted para desarrollar el impuesto de soluciones de eficiencia, reducir los riesgos potenciales, y garantizar sus asuntos financieros estructurados para minimizar los pasivos, mientras que el mantenimiento a largo plazo de crecimiento.\t\t\t\t\t\t\t\t<\/div>\n\t\t\t\t<\/div>\n\t\t<div class=\"elementor-element elementor-element-f16bcde e-con-full service-highlight overlay-before e-flex wpr-particle-no wpr-jarallax-no wpr-parallax-no wpr-sticky-section-no e-con e-child\" data-id=\"f16bcde\" data-element_type=\"container\">\n\t\t\t\t<div class=\"elementor-element elementor-element-f093717 elementor-widget__width-inherit elementor-widget elementor-widget-heading\" data-id=\"f093717\" data-element_type=\"widget\" data-widget_type=\"heading.default\">\n\t\t\t\t\t<h5 class=\"elementor-heading-title elementor-size-default\">Inmobiliario Y La Planificaci\u00f3n De La Sucesi\u00f3n<\/h5>\t\t\t\t<\/div>\n\t\t\t\t<div class=\"elementor-element elementor-element-f001f98 elementor-widget elementor-widget-text-editor\" data-id=\"f001f98\" data-element_type=\"widget\" data-widget_type=\"text-editor.default\">\n\t\t\t\t\t\t\t\t\tNos ayudan en la creaci\u00f3n de medida de los planes del estado para preservar su legado familiar y asegurar una transici\u00f3n suave de la riqueza para las generaciones futuras. Nuestro equipo trabaja en estrecha colaboraci\u00f3n con usted para desarrollar estrategias que minimicen los impuestos sobre bienes inmuebles, maximizar la protecci\u00f3n de activos, y de establecer planes de sucesi\u00f3n, lo que garantiza la riqueza de la familia es administrado de acuerdo a sus deseos.\t\t\t\t\t\t\t\t<\/div>\n\t\t\t\t<\/div>\n\t\t\t\t<\/div>\n\t\t\t\t<\/div>\n\t\t\t\t\t<\/div>\n\t\t\t\t<\/div>\n\t\t\t\t<\/div>","protected":false},"excerpt":{"rendered":"<p>Family Office Advisory For decades, we have specialized in family advisory and generational wealth management for affluent families in emerging and frontier markets. Our expertise lies in understanding the unique complexities and opportunities that these markets present, enabling us to craft bespoke strategies that preserve and grow wealth across generations. By offering a holistic approach to wealth planning, investment management, and succession strategies, we empower families to achieve their long-term financial goals while safeguarding their legacy. Our commitment to trust, discretion, and excellence ensures that we remain a trusted partner for families navigating the evolving financial landscape in high-growth regions. Connect to a World of Opportunities\u200b Unlock the full potential of your wealth with our comprehensive Family Office Advisory services. From traditional investment vehicles to cutting-edge financial instruments, we offer a wide range of tailored solutions designed to build a diversified and resilient portfolio. Our team of experts collaborates with you to craft personalized strategies, providing the insight and guidance needed to maximize your investments. Whether preserving wealth for future generations or pursuing growth, we connect you to a world of opportunities, empowering you to achieve your financial ambitions with confidence. Wealth Management &amp; Investment Strategy Our family office services provide bespoke wealth management solutions, offering a comprehensive approach to growing and preserving your family\u2019s wealth. We design personalized investment strategies that align with your values, goals, and risk tolerance, ensuring your portfolio is optimized for long-term success and sustainability Private Banking Advisory Our private banking Advisory services offer personalized, comprehensive solutions tailored to the unique needs of individuals and families. With deep expertise and strong relationships with both major and boutique banks, we provide expert guidance on selecting the right banking partners. We handle all aspects of your banking, from account opening and payment services to investment management and lending solutions, simplifying your banking experience to support your financial goals Tax &amp; Risk Management We provide proactive tax planning and risk management strategies to protect your wealth and optimize your financial position. Our experts work with you to develop tax-efficient solutions, mitigate potential risks, and ensure your financial affairs are structured to minimize liabilities while maintaining long-term growth. Estate &amp; Succession Planning We assist in creating tailored estate plans to preserve your family\u2019s legacy and ensure a smooth transition of wealth to future generations. Our team works closely with you to develop strategies that minimize estate taxes, maximize asset protection, and establish clear succession plans, ensuring your family&#8217;s wealth is managed according to your wishes.<\/p>","protected":false},"author":1,"featured_media":0,"parent":0,"menu_order":10,"comment_status":"closed","ping_status":"closed","template":"","meta":{"footnotes":""},"class_list":["post-362","page","type-page","status-publish","hentry"],"_links":{"self":[{"href":"https:\/\/www.khorlancapital.com\/es\/wp-json\/wp\/v2\/pages\/362","targetHints":{"allow":["GET"]}}],"collection":[{"href":"https:\/\/www.khorlancapital.com\/es\/wp-json\/wp\/v2\/pages"}],"about":[{"href":"https:\/\/www.khorlancapital.com\/es\/wp-json\/wp\/v2\/types\/page"}],"author":[{"embeddable":true,"href":"https:\/\/www.khorlancapital.com\/es\/wp-json\/wp\/v2\/users\/1"}],"replies":[{"embeddable":true,"href":"https:\/\/www.khorlancapital.com\/es\/wp-json\/wp\/v2\/comments?post=362"}],"version-history":[{"count":5,"href":"https:\/\/www.khorlancapital.com\/es\/wp-json\/wp\/v2\/pages\/362\/revisions"}],"predecessor-version":[{"id":722,"href":"https:\/\/www.khorlancapital.com\/es\/wp-json\/wp\/v2\/pages\/362\/revisions\/722"}],"wp:attachment":[{"href":"https:\/\/www.khorlancapital.com\/es\/wp-json\/wp\/v2\/media?parent=362"}],"curies":[{"name":"wp","href":"https:\/\/api.w.org\/{rel}","templated":true}]}}