{"id":378,"date":"2025-07-05T15:58:13","date_gmt":"2025-07-05T15:58:13","guid":{"rendered":"https:\/\/www.khorlancapital.com\/?page_id=378"},"modified":"2025-09-02T06:30:41","modified_gmt":"2025-09-02T06:30:41","slug":"wealth-management","status":"publish","type":"page","link":"https:\/\/www.khorlancapital.com\/es\/wealth-management\/","title":{"rendered":"La Gesti\u00f3n De La Riqueza"},"content":{"rendered":"<div data-elementor-type=\"wp-page\" data-elementor-id=\"378\" class=\"elementor elementor-378\">\n\t\t\t\t<div class=\"elementor-element elementor-element-d2b8ad3 breadcrumb overlay-before e-flex e-con-boxed wpr-particle-no wpr-jarallax-no wpr-parallax-no wpr-sticky-section-no e-con e-parent\" data-id=\"d2b8ad3\" data-element_type=\"container\" data-settings=\"{&quot;background_background&quot;:&quot;classic&quot;}\">\n\t\t\t\t\t<div class=\"e-con-inner\">\n\t\t<div class=\"elementor-element elementor-element-02f1201 e-con-full sticky-space e-flex wpr-particle-no wpr-jarallax-no wpr-parallax-no wpr-sticky-section-no e-con e-child\" data-id=\"02f1201\" data-element_type=\"container\">\n\t\t\t\t<\/div>\n\t\t<div class=\"elementor-element elementor-element-298ec46 e-con-full e-flex wpr-particle-no wpr-jarallax-no wpr-parallax-no wpr-sticky-section-no e-con e-child\" data-id=\"298ec46\" data-element_type=\"container\">\n\t\t\t\t<div class=\"elementor-element elementor-element-ee0702d elementor-widget__width-initial elementor-widget-tablet__width-inherit elementor-widget elementor-widget-heading\" data-id=\"ee0702d\" data-element_type=\"widget\" data-widget_type=\"heading.default\">\n\t\t\t\t\t<h2 class=\"elementor-heading-title elementor-size-default\">La Gesti\u00f3n De La Riqueza<\/h2>\t\t\t\t<\/div>\n\t\t\t\t<div class=\"elementor-element elementor-element-ee48128 elementor-widget__width-initial elementor-widget-mobile__width-inherit elementor-widget elementor-widget-heading\" data-id=\"ee48128\" data-element_type=\"widget\" data-widget_type=\"heading.default\">\n\t\t\t\t\t<h1 class=\"elementor-heading-title elementor-size-default\">Comienza Con Usted!<\/h1>\t\t\t\t<\/div>\n\t\t\t\t<\/div>\n\t\t\t\t\t<\/div>\n\t\t\t\t<\/div>\n\t\t<div class=\"elementor-element elementor-element-4e7701a e-flex e-con-boxed wpr-particle-no wpr-jarallax-no wpr-parallax-no wpr-sticky-section-no e-con e-parent\" data-id=\"4e7701a\" data-element_type=\"container\">\n\t\t\t\t\t<div class=\"e-con-inner\">\n\t\t<div class=\"elementor-element elementor-element-e574b4c e-con-full story-canvas overlay-before e-flex wpr-particle-no wpr-jarallax-no wpr-parallax-no wpr-sticky-section-no e-con e-child\" data-id=\"e574b4c\" data-element_type=\"container\">\n\t\t\t\t<div class=\"elementor-element elementor-element-8bd280e elementor-widget elementor-widget-text-editor\" data-id=\"8bd280e\" data-element_type=\"widget\" data-widget_type=\"text-editor.default\">\n\t\t\t\t\t\t\t\t\tDurante d\u00e9cadas, nos hemos especializado en asesoramiento familiar y generacional de la gesti\u00f3n patrimonial de las familias pudientes en los pa\u00edses emergentes y mercados de frontera. Nuestra experiencia se basa en la comprensi\u00f3n de la \u00fanica complejidades y las oportunidades que estos mercados presentes, lo que nos permite a las embarcaciones de medida de las estrategias que conservar y hacer crecer la riqueza a trav\u00e9s de las generaciones. Ofreciendo un enfoque hol\u00edstico de la planificaci\u00f3n del patrimonio, gesti\u00f3n de inversiones, y la sucesi\u00f3n de las estrategias, capacitar a las familias para lograr sus metas financieras a largo plazo, mientras que la salvaguarda de su legado. Nuestro compromiso con la confianza, la discreci\u00f3n, la excelencia y se asegura de que seguimos siendo un socio de confianza para las familias navegar por la evoluci\u00f3n de la situaci\u00f3n financiera en las altas regiones de crecimiento.\t\t\t\t\t\t\t\t<\/div>\n\t\t\t\t<\/div>\n\t\t\t\t\t<\/div>\n\t\t\t\t<\/div>\n\t\t<div class=\"elementor-element elementor-element-4c3ed88 e-flex e-con-boxed wpr-particle-no wpr-jarallax-no wpr-parallax-no wpr-sticky-section-no e-con e-parent\" data-id=\"4c3ed88\" data-element_type=\"container\">\n\t\t\t\t\t<div class=\"e-con-inner\">\n\t\t<div class=\"elementor-element elementor-element-9616efc e-con-full e-flex wpr-particle-no wpr-jarallax-no wpr-parallax-no wpr-sticky-section-no e-con e-child\" data-id=\"9616efc\" data-element_type=\"container\" data-settings=\"{&quot;background_background&quot;:&quot;classic&quot;}\">\n\t\t<div class=\"elementor-element elementor-element-0d97962 e-con-full e-flex wpr-particle-no wpr-jarallax-no wpr-parallax-no wpr-sticky-section-no e-con e-child\" data-id=\"0d97962\" data-element_type=\"container\" data-settings=\"{&quot;background_background&quot;:&quot;classic&quot;}\">\n\t\t\t\t<div class=\"elementor-element elementor-element-d7bb91c elementor-widget elementor-widget-heading\" data-id=\"d7bb91c\" data-element_type=\"widget\" data-widget_type=\"heading.default\">\n\t\t\t\t\t<h3 class=\"elementor-heading-title elementor-size-default\">Creemos Que La Gran Riqueza De Gesti\u00f3n Comienza Con Usted.<\/h3>\t\t\t\t<\/div>\n\t\t\t\t<div class=\"elementor-element elementor-element-b9d6b4c elementor-widget elementor-widget-text-editor\" data-id=\"b9d6b4c\" data-element_type=\"widget\" data-widget_type=\"text-editor.default\">\n\t\t\t\t\t\t\t\t\t<p>Nos tomamos el tiempo para entender sus \u00fanicas metas financieras, valores y aspiraciones, la elaboraci\u00f3n de una estrategia personalizada que se alinea con su visi\u00f3n para el futuro.<\/p>\n\n<p>Nuestro equipo de experimentados asesores trabaja estrechamente con usted para navegar por las complejidades de la inversi\u00f3n, la planificaci\u00f3n de la jubilaci\u00f3n, la gesti\u00f3n de riesgos y la planificaci\u00f3n del patrimonio, garantizar que cada decisi\u00f3n se toma con sus mejores intereses en mente. Si usted est\u00e1 centrado en el crecimiento de su riqueza, la protecci\u00f3n de su legado, o de la preparaci\u00f3n para el siguiente cap\u00edtulo de la vida, nos proporcionan la experiencia y orientaci\u00f3n para ayudarle a alcanzar duraci\u00f3n el \u00e9xito financiero.<\/p>\n\n<p>Todo comienza con usted, y juntos, podemos convertir sus metas en realidad.<\/p>\t\t\t\t\t\t\t\t<\/div>\n\t\t\t\t<\/div>\n\t\t<div class=\"elementor-element elementor-element-01899c1 e-con-full overlay-before e-flex wpr-particle-no wpr-jarallax-no wpr-parallax-no wpr-sticky-section-no e-con e-child\" data-id=\"01899c1\" data-element_type=\"container\" data-settings=\"{&quot;background_background&quot;:&quot;classic&quot;}\">\n\t\t\t\t<\/div>\n\t\t\t\t<\/div>\n\t\t\t\t\t<\/div>\n\t\t\t\t<\/div>\n\t\t<div class=\"elementor-element elementor-element-0c9417c e-flex e-con-boxed wpr-particle-no wpr-jarallax-no wpr-parallax-no wpr-sticky-section-no e-con e-parent\" data-id=\"0c9417c\" data-element_type=\"container\">\n\t\t\t\t\t<div class=\"e-con-inner\">\n\t\t<div class=\"elementor-element elementor-element-b867880 e-con-full e-flex wpr-particle-no wpr-jarallax-no wpr-parallax-no wpr-sticky-section-no e-con e-child\" data-id=\"b867880\" data-element_type=\"container\" data-settings=\"{&quot;background_background&quot;:&quot;classic&quot;}\">\n\t\t<div class=\"elementor-element elementor-element-93d879c e-con-full e-flex wpr-particle-no wpr-jarallax-no wpr-parallax-no wpr-sticky-section-no e-con e-child\" data-id=\"93d879c\" data-element_type=\"container\" data-settings=\"{&quot;background_background&quot;:&quot;classic&quot;}\">\n\t\t<div class=\"elementor-element elementor-element-8045e7c e-con-full e-flex wpr-particle-no wpr-jarallax-no wpr-parallax-no wpr-sticky-section-no e-con e-child\" data-id=\"8045e7c\" data-element_type=\"container\">\n\t\t\t\t<div class=\"elementor-element elementor-element-38c6d72 elementor-widget elementor-widget-heading\" data-id=\"38c6d72\" data-element_type=\"widget\" data-widget_type=\"heading.default\">\n\t\t\t\t\t<h3 class=\"elementor-heading-title elementor-size-default\">Servicios De Gesti\u00f3n De Patrimonios<\/h3>\t\t\t\t<\/div>\n\t\t\t\t<div class=\"elementor-element elementor-element-2d2ec43 elementor-widget elementor-widget-button\" data-id=\"2d2ec43\" data-element_type=\"widget\" data-widget_type=\"button.default\">\n\t\t\t\t\t\t\t\t\t\t<a class=\"elementor-button elementor-button-link elementor-size-sm\" href=\"https:\/\/www.khorlanwealth.com\/\" target=\"_blank\">\n\t\t\t\t\t\t<span class=\"elementor-button-content-wrapper\">\n\t\t\t\t\t\t\t\t\t<span class=\"elementor-button-text\">Aprender M\u00e1s<\/span>\n\t\t\t\t\t<\/span>\n\t\t\t\t\t<\/a>\n\t\t\t\t\t\t\t\t<\/div>\n\t\t\t\t<\/div>\n\t\t<div class=\"elementor-element elementor-element-9153c0b e-grid e-con-full wpr-particle-no wpr-jarallax-no wpr-parallax-no wpr-sticky-section-no e-con e-child\" data-id=\"9153c0b\" data-element_type=\"container\">\n\t\t<div class=\"elementor-element elementor-element-975acae e-con-full offering-box overlay-before e-flex wpr-particle-no wpr-jarallax-no wpr-parallax-no wpr-sticky-section-no e-con e-child\" data-id=\"975acae\" data-element_type=\"container\">\n\t\t\t\t<div class=\"elementor-element elementor-element-6121069 elementor-view-default elementor-widget elementor-widget-icon\" data-id=\"6121069\" data-element_type=\"widget\" data-widget_type=\"icon.default\">\n\t\t\t\t\t\t\t<div class=\"elementor-icon-wrapper\">\n\t\t\t<div class=\"elementor-icon\">\n\t\t\t<svg xmlns=\"http:\/\/www.w3.org\/2000\/svg\" width=\"350px\" height=\"350px\" data-name=\"Layer 1\" viewbox=\"0 0 350 350\"><path d=\"M175 0a175 175 0 1 0 67 13.32A175 175 0 0 0 175 0Zm52.5 140h-70v17.5H210a17.51 17.51 0 0 1 17.5 17.5v52.5A17.51 17.51 0 0 1 210 245h-17.5v17.5h-35V245h-35v-35h70v-17.5H140a17.51 17.51 0 0 1-17.5-17.5v-52.5A17.51 17.51 0 0 1 140 105h17.5V87.5h35V105h35Z\"><\/path><\/svg>\t\t\t<\/div>\n\t\t<\/div>\n\t\t\t\t\t\t<\/div>\n\t\t\t\t<div class=\"elementor-element elementor-element-88c4dba elementor-widget__width-inherit elementor-widget elementor-widget-heading\" data-id=\"88c4dba\" data-element_type=\"widget\" data-widget_type=\"heading.default\">\n\t\t\t\t\t<h5 class=\"elementor-heading-title elementor-size-default\">La Gesti\u00f3n De Activos<\/h5>\t\t\t\t<\/div>\n\t\t\t\t<\/div>\n\t\t<div class=\"elementor-element elementor-element-4523a2c e-con-full offering-box overlay-before e-flex wpr-particle-no wpr-jarallax-no wpr-parallax-no wpr-sticky-section-no e-con e-child\" data-id=\"4523a2c\" data-element_type=\"container\">\n\t\t\t\t<div class=\"elementor-element elementor-element-d6e61dd elementor-view-default elementor-widget elementor-widget-icon\" data-id=\"d6e61dd\" data-element_type=\"widget\" data-widget_type=\"icon.default\">\n\t\t\t\t\t\t\t<div class=\"elementor-icon-wrapper\">\n\t\t\t<div class=\"elementor-icon\">\n\t\t\t<svg xmlns=\"http:\/\/www.w3.org\/2000\/svg\" width=\"350px\" height=\"350px\" data-name=\"Layer 1\" viewbox=\"0 0 341.25 350\"><path d=\"m341.24 262.5-87.5 87.5-61.24-61.25 26.24-26.25 35 35L315 236.25ZM35 0A35.1 35.1 0 0 0 0 35v280a35.1 35.1 0 0 0 35 35h136.5c-7-10.5-10.51-22.75-12.25-35H35V35h122.5v87.5H245v71.75c5.24-1.75 12.25-1.75 17.5-1.75s12.25 0 17.5 1.75V105L175 0Zm87.5 157.5v140h35v-140Zm-70 35v105h35v-105Z\"><\/path><\/svg>\t\t\t<\/div>\n\t\t<\/div>\n\t\t\t\t\t\t<\/div>\n\t\t\t\t<div class=\"elementor-element elementor-element-f6602f7 elementor-widget__width-inherit elementor-widget elementor-widget-heading\" data-id=\"f6602f7\" data-element_type=\"widget\" data-widget_type=\"heading.default\">\n\t\t\t\t\t<h5 class=\"elementor-heading-title elementor-size-default\">Gesti\u00f3n De Inversiones<\/h5>\t\t\t\t<\/div>\n\t\t\t\t<\/div>\n\t\t<div class=\"elementor-element elementor-element-d9e80d2 e-con-full offering-box overlay-before e-flex wpr-particle-no wpr-jarallax-no wpr-parallax-no wpr-sticky-section-no e-con e-child\" data-id=\"d9e80d2\" data-element_type=\"container\">\n\t\t\t\t<div class=\"elementor-element elementor-element-c025830 elementor-view-default elementor-widget elementor-widget-icon\" data-id=\"c025830\" data-element_type=\"widget\" data-widget_type=\"icon.default\">\n\t\t\t\t\t\t\t<div class=\"elementor-icon-wrapper\">\n\t\t\t<div class=\"elementor-icon\">\n\t\t\t<svg xmlns=\"http:\/\/www.w3.org\/2000\/svg\" width=\"350px\" height=\"350px\" data-name=\"Layer 1\" viewbox=\"0 0 350 350\"><path d=\"M251.3 210a289 289 0 0 0 2.45-35 289 289 0 0 0-2.45-35h59.15a144.27 144.27 0 0 1 4.55 35 144.27 144.27 0 0 1-4.55 35m-90.12 97.3a274.61 274.61 0 0 0 24.15-62.3h51.62a140.48 140.48 0 0 1-75.77 62.3ZM216 210h-81.9a232.19 232.19 0 0 1-2.8-35 230.32 230.32 0 0 1 2.8-35H216a254.39 254.39 0 0 1 2.8 35 256.68 256.68 0 0 1-2.8 35Zm-41 104.3c-14.52-21-26.25-44.27-33.42-69.3h66.84c-7.17 25-18.9 48.3-33.42 69.3ZM105 105H53.9a138.6 138.6 0 0 1 75.6-62.3C119 62.13 111.13 83.12 105 105ZM53.9 245H105c6.13 21.88 14 42.88 24.5 62.3A140 140 0 0 1 53.9 245Zm-14.35-35A144.27 144.27 0 0 1 35 175a144.27 144.27 0 0 1 4.55-35H98.7a289 289 0 0 0-2.45 35 289 289 0 0 0 2.45 35M175 35.53c14.52 21 26.25 44.45 33.42 69.47h-66.84c7.17-25 18.9-48.47 33.42-69.47ZM296.1 105h-51.62a275.27 275.27 0 0 0-24.15-62.3A139.78 139.78 0 0 1 296.1 105ZM175 0C78.22 0 0 78.75 0 175A175 175 0 1 0 175 0Z\"><\/path><\/svg>\t\t\t<\/div>\n\t\t<\/div>\n\t\t\t\t\t\t<\/div>\n\t\t\t\t<div class=\"elementor-element elementor-element-bfa5879 elementor-widget__width-inherit elementor-widget elementor-widget-heading\" data-id=\"bfa5879\" data-element_type=\"widget\" data-widget_type=\"heading.default\">\n\t\t\t\t\t<h5 class=\"elementor-heading-title elementor-size-default\">EM Asesoramiento Para Clientes Privados<\/h5>\t\t\t\t<\/div>\n\t\t\t\t<\/div>\n\t\t<div class=\"elementor-element elementor-element-eb45af1 e-con-full offering-box overlay-before e-flex wpr-particle-no wpr-jarallax-no wpr-parallax-no wpr-sticky-section-no e-con e-child\" data-id=\"eb45af1\" data-element_type=\"container\">\n\t\t\t\t<div class=\"elementor-element elementor-element-f262b35 elementor-view-default elementor-widget elementor-widget-icon\" data-id=\"f262b35\" data-element_type=\"widget\" data-widget_type=\"icon.default\">\n\t\t\t\t\t\t\t<div class=\"elementor-icon-wrapper\">\n\t\t\t<div class=\"elementor-icon\">\n\t\t\t<svg xmlns=\"http:\/\/www.w3.org\/2000\/svg\" width=\"350px\" height=\"350px\" data-name=\"Layer 1\" viewbox=\"0 0 350 341.67\"><path d=\"M250 0a83.33 83.33 0 1 0 83.33 83.33A83.36 83.36 0 0 0 250 0Zm0 133.33a50 50 0 1 1 50-50 49.93 49.93 0 0 1-50 50Zm50 100h-33.33a48.17 48.17 0 0 0-31.17-45L132.83 150H0v183.33h100v-24l116.67 32.33L350 300v-16.67a49.93 49.93 0 0 0-50-50ZM66.67 300H33.33V183.33h33.34Zm149.5 6.83L100 275v-91.67h26.83l97 36.17a14.82 14.82 0 0 1 9.5 13.83s-33.33-.83-38.33-2.5l-39.67-13.17-10.5 31.67 39.67 13.17a83 83 0 0 0 26.33 4.16H300a17 17 0 0 1 15 9.5Z\"><\/path><\/svg>\t\t\t<\/div>\n\t\t<\/div>\n\t\t\t\t\t\t<\/div>\n\t\t\t\t<div class=\"elementor-element elementor-element-7e513d1 elementor-widget__width-inherit elementor-widget elementor-widget-heading\" data-id=\"7e513d1\" data-element_type=\"widget\" data-widget_type=\"heading.default\">\n\t\t\t\t\t<h5 class=\"elementor-heading-title elementor-size-default\">La Planificaci\u00f3n De La Jubilaci\u00f3n<\/h5>\t\t\t\t<\/div>\n\t\t\t\t<\/div>\n\t\t\t\t<\/div>\n\t\t\t\t<\/div>\n\t\t<div class=\"elementor-element elementor-element-332affb e-con-full overlay-before e-flex wpr-particle-no wpr-jarallax-no wpr-parallax-no wpr-sticky-section-no e-con e-child\" data-id=\"332affb\" data-element_type=\"container\" data-settings=\"{&quot;background_background&quot;:&quot;classic&quot;}\">\n\t\t\t\t<\/div>\n\t\t\t\t<\/div>\n\t\t\t\t\t<\/div>\n\t\t\t\t<\/div>\n\t\t\t\t<\/div>","protected":false},"excerpt":{"rendered":"<p>Wealth Management It Starts With You! For decades, we have specialized in family advisory and generational wealth management for affluent families in emerging and frontier markets. Our expertise lies in understanding the unique complexities and opportunities that these markets present, enabling us to craft bespoke strategies that preserve and grow wealth across generations. By offering a holistic approach to wealth planning, investment management, and succession strategies, we empower families to achieve their long-term financial goals while safeguarding their legacy. Our commitment to trust, discretion, and excellence ensures that we remain a trusted partner for families navigating the evolving financial landscape in high-growth regions. We Believe That Great Wealth Management Starts With You. We take the time to understand your unique financial goals, values, and aspirations, crafting a personalized strategy that aligns with your vision for the future. Our team of experienced advisors works closely with you to navigate the complexities of investing, retirement planning, risk management, and estate planning, ensuring every decision is made with your best interests in mind. Whether you&#8217;re focused on growing your wealth, protecting your legacy, or preparing for the next chapter of life, we provide the expertise and guidance to help you achieve lasting financial success. It all starts with you, and together, we can turn your goals into reality. Wealth Management Services Learn More Asset Management Investment Management EM Advisory For Private Clients Retirement Planning<\/p>","protected":false},"author":1,"featured_media":0,"parent":0,"menu_order":11,"comment_status":"closed","ping_status":"closed","template":"","meta":{"footnotes":""},"class_list":["post-378","page","type-page","status-publish","hentry"],"_links":{"self":[{"href":"https:\/\/www.khorlancapital.com\/es\/wp-json\/wp\/v2\/pages\/378","targetHints":{"allow":["GET"]}}],"collection":[{"href":"https:\/\/www.khorlancapital.com\/es\/wp-json\/wp\/v2\/pages"}],"about":[{"href":"https:\/\/www.khorlancapital.com\/es\/wp-json\/wp\/v2\/types\/page"}],"author":[{"embeddable":true,"href":"https:\/\/www.khorlancapital.com\/es\/wp-json\/wp\/v2\/users\/1"}],"replies":[{"embeddable":true,"href":"https:\/\/www.khorlancapital.com\/es\/wp-json\/wp\/v2\/comments?post=378"}],"version-history":[{"count":5,"href":"https:\/\/www.khorlancapital.com\/es\/wp-json\/wp\/v2\/pages\/378\/revisions"}],"predecessor-version":[{"id":728,"href":"https:\/\/www.khorlancapital.com\/es\/wp-json\/wp\/v2\/pages\/378\/revisions\/728"}],"wp:attachment":[{"href":"https:\/\/www.khorlancapital.com\/es\/wp-json\/wp\/v2\/media?parent=378"}],"curies":[{"name":"wp","href":"https:\/\/api.w.org\/{rel}","templated":true}]}}