{"id":406,"date":"2025-07-05T17:11:05","date_gmt":"2025-07-05T17:11:05","guid":{"rendered":"https:\/\/www.khorlancapital.com\/?page_id=406"},"modified":"2025-09-02T06:30:41","modified_gmt":"2025-09-02T06:30:41","slug":"real-estate","status":"publish","type":"page","link":"https:\/\/www.khorlancapital.com\/es\/real-estate\/","title":{"rendered":"Exclusivas Inmobiliarias"},"content":{"rendered":"<div data-elementor-type=\"wp-page\" data-elementor-id=\"406\" class=\"elementor elementor-406\">\n\t\t\t\t<div class=\"elementor-element elementor-element-0114695 breadcrumb overlay-before e-flex e-con-boxed wpr-particle-no wpr-jarallax-no wpr-parallax-no wpr-sticky-section-no e-con e-parent\" data-id=\"0114695\" data-element_type=\"container\" data-settings=\"{&quot;background_background&quot;:&quot;video&quot;,&quot;background_video_link&quot;:&quot;\\\/wp-content\\\/uploads\\\/2025\\\/07\\\/tropical-coast-golf-resort.mp4&quot;}\">\n\t\t\t\t\t<div class=\"e-con-inner\">\n\t\t<div class=\"elementor-background-video-container elementor-hidden-mobile\" aria-hidden=\"true\">\n\t\t\t\t\t\t\t<video class=\"elementor-background-video-hosted\" autoplay muted playsinline loop><\/video>\n\t\t\t\t\t<\/div><div class=\"elementor-element elementor-element-379bc9d e-con-full sticky-space e-flex wpr-particle-no wpr-jarallax-no wpr-parallax-no wpr-sticky-section-no e-con e-child\" data-id=\"379bc9d\" data-element_type=\"container\">\n\t\t\t\t<\/div>\n\t\t<div class=\"elementor-element elementor-element-1a626b1 e-con-full e-flex wpr-particle-no wpr-jarallax-no wpr-parallax-no wpr-sticky-section-no e-con e-child\" data-id=\"1a626b1\" data-element_type=\"container\">\n\t\t\t\t<div class=\"elementor-element elementor-element-2abcedf elementor-widget__width-initial elementor-widget-tablet__width-inherit elementor-widget elementor-widget-heading\" data-id=\"2abcedf\" data-element_type=\"widget\" data-widget_type=\"heading.default\">\n\t\t\t\t\t<h2 class=\"elementor-heading-title elementor-size-default\">Exclusivas Inmobiliarias<\/h2>\t\t\t\t<\/div>\n\t\t\t\t<div class=\"elementor-element elementor-element-6fbde90 custom-btn-lumos elementor-widget elementor-widget-button\" data-id=\"6fbde90\" data-element_type=\"widget\" data-widget_type=\"button.default\">\n\t\t\t\t\t\t\t\t\t\t<a class=\"elementor-button elementor-button-link elementor-size-sm\" href=\"#\">\n\t\t\t\t\t\t<span class=\"elementor-button-content-wrapper\">\n\t\t\t\t\t\t\t\t\t<span class=\"elementor-button-text\">Aprender M\u00e1s<\/span>\n\t\t\t\t\t<\/span>\n\t\t\t\t\t<\/a>\n\t\t\t\t\t\t\t\t<\/div>\n\t\t\t\t<\/div>\n\t\t\t\t\t<\/div>\n\t\t\t\t<\/div>\n\t\t<div class=\"elementor-element elementor-element-0fb8822 e-flex e-con-boxed wpr-particle-no wpr-jarallax-no wpr-parallax-no wpr-sticky-section-no e-con e-parent\" data-id=\"0fb8822\" data-element_type=\"container\">\n\t\t\t\t\t<div class=\"e-con-inner\">\n\t\t<div class=\"elementor-element elementor-element-1160025 e-con-full story-canvas overlay-before e-flex wpr-particle-no wpr-jarallax-no wpr-parallax-no wpr-sticky-section-no e-con e-child\" data-id=\"1160025\" data-element_type=\"container\">\n\t\t\t\t<div class=\"elementor-element elementor-element-0db98b8 elementor-widget elementor-widget-text-editor\" data-id=\"0db98b8\" data-element_type=\"widget\" data-widget_type=\"text-editor.default\">\n\t\t\t\t\t\t\t\t\tOfrecemos a nuestros clientes acceso exclusivo a bienes ra\u00edces de lujo ofertas a trav\u00e9s de nuestra amplia red de agentes globales. Si usted est\u00e1 buscando una casa de vacaciones, un apartamento en una nueva y vibrante de la ciudad, o lucrativas oportunidades de inversi\u00f3n en el extranjero, que se conecta a cuidadosamente curada, propiedades de alta gama en todo el mundo. Nuestra red global dedicada exclusivamente a servir a los clientes privados, se asegura de que usted tiene acceso a los m\u00e1s buscados despu\u00e9s de las propiedades, adaptados a su estilo de vida y metas de la inversi\u00f3n. Perm\u00edtanos ayudarle a encontrar su pr\u00f3xima propiedad, sea donde sea.\t\t\t\t\t\t\t\t<\/div>\n\t\t\t\t<\/div>\n\t\t\t\t\t<\/div>\n\t\t\t\t<\/div>\n\t\t\t\t<\/div>","protected":false},"excerpt":{"rendered":"<p>Exclusive Real Estate Learn More We offer our clients exclusive access to luxury real estate deals through our extensive network of global agents. Whether you&#8217;re searching for a vacation home, an apartment in a vibrant new city, or lucrative investment opportunities abroad, we connect you to carefully curated, high-end properties worldwide. Our dedicated global network, exclusively serving private clients, ensures that you have access to the most sought-after properties, tailored to your lifestyle and investment goals. Let us help you find your next property, wherever it may be.<\/p>","protected":false},"author":1,"featured_media":0,"parent":0,"menu_order":12,"comment_status":"closed","ping_status":"closed","template":"","meta":{"footnotes":""},"class_list":["post-406","page","type-page","status-publish","hentry"],"_links":{"self":[{"href":"https:\/\/www.khorlancapital.com\/es\/wp-json\/wp\/v2\/pages\/406","targetHints":{"allow":["GET"]}}],"collection":[{"href":"https:\/\/www.khorlancapital.com\/es\/wp-json\/wp\/v2\/pages"}],"about":[{"href":"https:\/\/www.khorlancapital.com\/es\/wp-json\/wp\/v2\/types\/page"}],"author":[{"embeddable":true,"href":"https:\/\/www.khorlancapital.com\/es\/wp-json\/wp\/v2\/users\/1"}],"replies":[{"embeddable":true,"href":"https:\/\/www.khorlancapital.com\/es\/wp-json\/wp\/v2\/comments?post=406"}],"version-history":[{"count":5,"href":"https:\/\/www.khorlancapital.com\/es\/wp-json\/wp\/v2\/pages\/406\/revisions"}],"predecessor-version":[{"id":731,"href":"https:\/\/www.khorlancapital.com\/es\/wp-json\/wp\/v2\/pages\/406\/revisions\/731"}],"wp:attachment":[{"href":"https:\/\/www.khorlancapital.com\/es\/wp-json\/wp\/v2\/media?parent=406"}],"curies":[{"name":"wp","href":"https:\/\/api.w.org\/{rel}","templated":true}]}}