{"id":417,"date":"2025-07-05T17:19:16","date_gmt":"2025-07-05T17:19:16","guid":{"rendered":"https:\/\/www.khorlancapital.com\/?page_id=417"},"modified":"2025-09-02T06:30:41","modified_gmt":"2025-09-02T06:30:41","slug":"fund-setup","status":"publish","type":"page","link":"https:\/\/www.khorlancapital.com\/es\/fund-setup\/","title":{"rendered":"Fondo"},"content":{"rendered":"<div data-elementor-type=\"wp-page\" data-elementor-id=\"417\" class=\"elementor elementor-417\">\n\t\t\t\t<div class=\"elementor-element elementor-element-ec79964 breadcrumb overlay-before e-flex e-con-boxed wpr-particle-no wpr-jarallax-no wpr-parallax-no wpr-sticky-section-no e-con e-parent\" data-id=\"ec79964\" data-element_type=\"container\" data-settings=\"{&quot;background_background&quot;:&quot;classic&quot;}\">\n\t\t\t\t\t<div class=\"e-con-inner\">\n\t\t<div class=\"elementor-element elementor-element-5ffb80e e-con-full sticky-space e-flex wpr-particle-no wpr-jarallax-no wpr-parallax-no wpr-sticky-section-no e-con e-child\" data-id=\"5ffb80e\" data-element_type=\"container\">\n\t\t\t\t<\/div>\n\t\t<div class=\"elementor-element elementor-element-a56ff42 e-con-full e-flex wpr-particle-no wpr-jarallax-no wpr-parallax-no wpr-sticky-section-no e-con e-child\" data-id=\"a56ff42\" data-element_type=\"container\">\n\t\t\t\t<div class=\"elementor-element elementor-element-e205353 elementor-widget__width-initial elementor-widget-tablet__width-inherit elementor-widget elementor-widget-heading\" data-id=\"e205353\" data-element_type=\"widget\" data-widget_type=\"heading.default\">\n\t\t\t\t\t<h2 class=\"elementor-heading-title elementor-size-default\">Fondo<\/h2>\t\t\t\t<\/div>\n\t\t\t\t<\/div>\n\t\t\t\t\t<\/div>\n\t\t\t\t<\/div>\n\t\t<div class=\"elementor-element elementor-element-07a0027 e-flex e-con-boxed wpr-particle-no wpr-jarallax-no wpr-parallax-no wpr-sticky-section-no e-con e-parent\" data-id=\"07a0027\" data-element_type=\"container\">\n\t\t\t\t\t<div class=\"e-con-inner\">\n\t\t<div class=\"elementor-element elementor-element-7d04731 e-con-full story-canvas overlay-before e-flex wpr-particle-no wpr-jarallax-no wpr-parallax-no wpr-sticky-section-no e-con e-child\" data-id=\"7d04731\" data-element_type=\"container\">\n\t\t\t\t<div class=\"elementor-element elementor-element-41df0d8 elementor-widget elementor-widget-heading\" data-id=\"41df0d8\" data-element_type=\"widget\" data-widget_type=\"heading.default\">\n\t\t\t\t\t<h1 class=\"elementor-heading-title elementor-size-default\">Mirando Para Configurar Propio Fondo De Inversi\u00f3n?<\/h1>\t\t\t\t<\/div>\n\t\t\t\t<div class=\"elementor-element elementor-element-3f72a8c elementor-widget elementor-widget-text-editor\" data-id=\"3f72a8c\" data-element_type=\"widget\" data-widget_type=\"text-editor.default\">\n\t\t\t\t\t\t\t\t\tEl lanzamiento de un fondo de inversi\u00f3n puede ampliar considerablemente de un asesor de negocios mientras que la ampliaci\u00f3n de su producto, la huella de la soluci\u00f3n. Un fondo de partida implica muchas consideraciones clave, incluyendo la l\u00ednea de tiempo, la estructura, el costo, la marca, la distribuci\u00f3n y los requisitos reglamentarios.\t\t\t\t\t\t\t\t<\/div>\n\t\t\t\t<\/div>\n\t\t<div class=\"elementor-element elementor-element-ab53d28 e-con-full overlay-before e-flex wpr-particle-no wpr-jarallax-no wpr-parallax-no wpr-sticky-section-no e-con e-child\" data-id=\"ab53d28\" data-element_type=\"container\" data-settings=\"{&quot;background_background&quot;:&quot;classic&quot;}\">\n\t\t\t\t<div class=\"elementor-element elementor-element-6a0b3a7 elementor-widget__width-inherit elementor-widget elementor-widget-heading\" data-id=\"6a0b3a7\" data-element_type=\"widget\" data-widget_type=\"heading.default\">\n\t\t\t\t\t<h2 class=\"elementor-heading-title elementor-size-default\">Podr\u00eda Lanzar Un Fondo De La Medida Para Tu Negocio?<\/h2>\t\t\t\t<\/div>\n\t\t<div class=\"elementor-element elementor-element-eb41470 e-con-full service-highlight overlay-before e-flex wpr-particle-no wpr-jarallax-no wpr-parallax-no wpr-sticky-section-no e-con e-child\" data-id=\"eb41470\" data-element_type=\"container\">\n\t\t\t\t<div class=\"elementor-element elementor-element-04922e2 elementor-view-default elementor-widget elementor-widget-icon\" data-id=\"04922e2\" data-element_type=\"widget\" data-widget_type=\"icon.default\">\n\t\t\t\t\t\t\t<div class=\"elementor-icon-wrapper\">\n\t\t\t<div class=\"elementor-icon\">\n\t\t\t<svg xmlns=\"http:\/\/www.w3.org\/2000\/svg\" width=\"350px\" height=\"350px\" data-name=\"Layer 1\" viewbox=\"0 0 316.67 350\"><path d=\"M158.33 0 0 83.33v33.34h316.66V83.33M233.33 150v116.67h50V150M0 350h316.66v-50H0m133.33-150v116.67h50V150m-150 0v116.67h50V150Z\"><\/path><\/svg>\t\t\t<\/div>\n\t\t<\/div>\n\t\t\t\t\t\t<\/div>\n\t\t\t\t<div class=\"elementor-element elementor-element-b2053c4 elementor-widget elementor-widget-text-editor\" data-id=\"b2053c4\" data-element_type=\"widget\" data-widget_type=\"text-editor.default\">\n\t\t\t\t\t\t\t\t\tNos especializamos en ofrecer a los gestores de las infraestructuras necesarias para iniciar su propio fondo de inversi\u00f3n sin romper el banco. Ofrecemos flexibles y asequibles soluciones a la medida para todos los tipos de gestores de inversi\u00f3n\u2014ya sea de pleno derecho de fondo, segregada carteras, o una sociedad de gesti\u00f3n de activos (SGA).\t\t\t\t\t\t\t\t<\/div>\n\t\t\t\t<\/div>\n\t\t<div class=\"elementor-element elementor-element-2a91edb e-con-full service-highlight overlay-before e-flex wpr-particle-no wpr-jarallax-no wpr-parallax-no wpr-sticky-section-no e-con e-child\" data-id=\"2a91edb\" data-element_type=\"container\">\n\t\t\t\t<div class=\"elementor-element elementor-element-a3b9f02 elementor-view-default elementor-widget elementor-widget-icon\" data-id=\"a3b9f02\" data-element_type=\"widget\" data-widget_type=\"icon.default\">\n\t\t\t\t\t\t\t<div class=\"elementor-icon-wrapper\">\n\t\t\t<div class=\"elementor-icon\">\n\t\t\t<svg xmlns=\"http:\/\/www.w3.org\/2000\/svg\" width=\"350px\" height=\"350px\" data-name=\"Layer 1\" viewbox=\"0 0 350 332.5\"><path d=\"M227.5 140a17.5 17.5 0 1 1 17.5 17.5 17.55 17.55 0 0 1-17.5-17.5ZM105 122.5h87.5v-35H105Zm245-26.25v122l-49.35 16.45-29.4 97.82H175v-35h-35v35H43.75S0 184.45 0 131.25A96.2 96.2 0 0 1 96.25 35h87.5a87.44 87.44 0 0 1 70-35 26.21 26.21 0 0 1 24.15 36.4 84.63 84.63 0 0 0-5.6 20.13L312 96.25Zm-35 35h-17.5L236.25 70a126.42 126.42 0 0 1 4.55-33.42A52.75 52.75 0 0 0 204.23 70h-108A61.32 61.32 0 0 0 35 131.25c0 32.9 21.35 116.38 35 166.25h35v-35h105v35h35l27.3-90.12 42.7-14.35Z\"><\/path><\/svg>\t\t\t<\/div>\n\t\t<\/div>\n\t\t\t\t\t\t<\/div>\n\t\t\t\t<div class=\"elementor-element elementor-element-f5615d7 elementor-widget elementor-widget-text-editor\" data-id=\"f5615d7\" data-element_type=\"widget\" data-widget_type=\"text-editor.default\">\n\t\t\t\t\t\t\t\t\tNuestro objetivo es ayudarle a lanzar con \u00e9xito su fondo de modo que usted pueda centrarse en lo que mejor sabe hacer: administrar su dinero de los clientes\t\t\t\t\t\t\t\t<\/div>\n\t\t\t\t<\/div>\n\t\t<div class=\"elementor-element elementor-element-e2edc9e e-con-full service-highlight overlay-before e-flex wpr-particle-no wpr-jarallax-no wpr-parallax-no wpr-sticky-section-no e-con e-child\" data-id=\"e2edc9e\" data-element_type=\"container\">\n\t\t\t\t<div class=\"elementor-element elementor-element-ef4f43a elementor-view-default elementor-widget elementor-widget-icon\" data-id=\"ef4f43a\" data-element_type=\"widget\" data-widget_type=\"icon.default\">\n\t\t\t\t\t\t\t<div class=\"elementor-icon-wrapper\">\n\t\t\t<div class=\"elementor-icon\">\n\t\t\t<svg xmlns=\"http:\/\/www.w3.org\/2000\/svg\" width=\"350px\" height=\"350px\" data-name=\"Layer 1\" viewbox=\"0 0 350 315\"><path d=\"m245 153.65 74.2-128.28 30.27 17.5L258 201.25l-114-65.62L60.55 280H350v35H0V0h35v254.5l96.25-167Z\"><\/path><\/svg>\t\t\t<\/div>\n\t\t<\/div>\n\t\t\t\t\t\t<\/div>\n\t\t\t\t<div class=\"elementor-element elementor-element-f88cc8d elementor-widget elementor-widget-text-editor\" data-id=\"f88cc8d\" data-element_type=\"widget\" data-widget_type=\"text-editor.default\">\n\t\t\t\t\t\t\t\t\tPerm\u00edtanos guiarle a trav\u00e9s del proceso y potenciar su crecimiento en el competitivo panorama de inversi\u00f3n.\t\t\t\t\t\t\t\t<\/div>\n\t\t\t\t<\/div>\n\t\t\t\t<\/div>\n\t\t\t\t\t<\/div>\n\t\t\t\t<\/div>\n\t\t<div class=\"elementor-element elementor-element-9c3748a e-flex e-con-boxed wpr-particle-no wpr-jarallax-no wpr-parallax-no wpr-sticky-section-no e-con e-parent\" data-id=\"9c3748a\" data-element_type=\"container\" data-settings=\"{&quot;background_background&quot;:&quot;classic&quot;}\">\n\t\t\t\t\t<div class=\"e-con-inner\">\n\t\t<div class=\"elementor-element elementor-element-56e429f e-con-full e-flex wpr-particle-no wpr-jarallax-no wpr-parallax-no wpr-sticky-section-no e-con e-child\" data-id=\"56e429f\" data-element_type=\"container\">\n\t\t\t\t<div class=\"elementor-element elementor-element-07131a6 elementor-widget elementor-widget-heading\" data-id=\"07131a6\" data-element_type=\"widget\" data-widget_type=\"heading.default\">\n\t\t\t\t\t<h2 class=\"elementor-heading-title elementor-size-default\">Consultor\u00eda Legal Y Servicio De Dep\u00f3sito De Garant\u00eda<\/h2>\t\t\t\t<\/div>\n\t\t\t\t<div class=\"elementor-element elementor-element-5fd582f elementor-widget elementor-widget-text-editor\" data-id=\"5fd582f\" data-element_type=\"widget\" data-widget_type=\"text-editor.default\">\n\t\t\t\t\t\t\t\t\tTrabajamos con una red de abogados en varias jurisdicciones para proveer servicios legales, servicios de custodia, y las soluciones de pago. Si usted est\u00e1 buscando para mover en el extranjero o para establecer un nuevo negocio en una jurisdicci\u00f3n diferente, podemos presentarle a la parte superior de los abogados para asegurar que usted reciba el asesoramiento de expertos. Si necesita servicios de dep\u00f3sito de garant\u00eda, ofrecemos soluciones personalizadas adaptadas a sus necesidades espec\u00edficas, ofreciendo un servicio seguro y confiable plataforma para transacciones financieras.\t\t\t\t\t\t\t\t<\/div>\n\t\t\t\t<\/div>\n\t\t<div class=\"elementor-element elementor-element-b83c6a7 e-con-full e-flex wpr-particle-no wpr-jarallax-no wpr-parallax-no wpr-sticky-section-no e-con e-child\" data-id=\"b83c6a7\" data-element_type=\"container\" data-settings=\"{&quot;background_background&quot;:&quot;classic&quot;}\">\n\t\t\t\t<\/div>\n\t\t\t\t\t<\/div>\n\t\t\t\t<\/div>\n\t\t<div class=\"elementor-element elementor-element-26a4937 e-flex e-con-boxed wpr-particle-no wpr-jarallax-no wpr-parallax-no wpr-sticky-section-no e-con e-parent\" data-id=\"26a4937\" data-element_type=\"container\">\n\t\t\t\t\t<div class=\"e-con-inner\">\n\t\t\t\t<div class=\"elementor-element elementor-element-04acf7b elementor-widget elementor-widget-spacer\" data-id=\"04acf7b\" data-element_type=\"widget\" data-widget_type=\"spacer.default\">\n\t\t\t\t\t\t\t<div class=\"elementor-spacer\">\n\t\t\t<div class=\"elementor-spacer-inner\"><\/div>\n\t\t<\/div>\n\t\t\t\t\t\t<\/div>\n\t\t\t\t\t<\/div>\n\t\t\t\t<\/div>\n\t\t\t\t<\/div>","protected":false},"excerpt":{"rendered":"<p>Fund Set Up Looking To Set Up You Own Investment Fund? Launching an investment fund can significantly expand an advisor&#8217;s business while broadening their product solution footprint. Starting a fund involves many key considerations, including timeline, structure, cost, marking, distribution and regulatory requirements. Could Launching A Fund The Move For Your Business? We specialize in providing emerging managers with the infrastructure needed to start their own investment fund without breaking the bank. We offer flexible and affordable solutions tailored to all types of investment managers\u2014whether it\u2019s a full-fledged fund, segregated portfolios, or an asset management company (AMC). Our goal is to help you successfully launch your fund so you can focus on what you do best: managing your clients&#8217; money Let us guide you through the process and empower your growth in the competitive investment landscape. Legal Consulting And Escrow Service We work with a network of attorneys in various jurisdictions to provide legal services, escrow services, and payment solutions. Whether you are looking to move abroad or establish a new business in a different jurisdiction, we can introduce you to top attorneys to ensure you receive expert advice. If you require escrow services, we offer customized solutions tailored to your specific needs, providing a secure and trustworthy platform for financial transactions.<\/p>","protected":false},"author":1,"featured_media":0,"parent":0,"menu_order":13,"comment_status":"closed","ping_status":"closed","template":"","meta":{"footnotes":""},"class_list":["post-417","page","type-page","status-publish","hentry"],"_links":{"self":[{"href":"https:\/\/www.khorlancapital.com\/es\/wp-json\/wp\/v2\/pages\/417","targetHints":{"allow":["GET"]}}],"collection":[{"href":"https:\/\/www.khorlancapital.com\/es\/wp-json\/wp\/v2\/pages"}],"about":[{"href":"https:\/\/www.khorlancapital.com\/es\/wp-json\/wp\/v2\/types\/page"}],"author":[{"embeddable":true,"href":"https:\/\/www.khorlancapital.com\/es\/wp-json\/wp\/v2\/users\/1"}],"replies":[{"embeddable":true,"href":"https:\/\/www.khorlancapital.com\/es\/wp-json\/wp\/v2\/comments?post=417"}],"version-history":[{"count":5,"href":"https:\/\/www.khorlancapital.com\/es\/wp-json\/wp\/v2\/pages\/417\/revisions"}],"predecessor-version":[{"id":734,"href":"https:\/\/www.khorlancapital.com\/es\/wp-json\/wp\/v2\/pages\/417\/revisions\/734"}],"wp:attachment":[{"href":"https:\/\/www.khorlancapital.com\/es\/wp-json\/wp\/v2\/media?parent=417"}],"curies":[{"name":"wp","href":"https:\/\/api.w.org\/{rel}","templated":true}]}}