{"id":480,"date":"2025-07-06T04:17:55","date_gmt":"2025-07-06T04:17:55","guid":{"rendered":"https:\/\/www.khorlancapital.com\/?page_id=480"},"modified":"2025-09-11T03:45:48","modified_gmt":"2025-09-11T03:45:48","slug":"markets","status":"publish","type":"page","link":"https:\/\/www.khorlancapital.com\/es\/markets\/","title":{"rendered":"Los mercados"},"content":{"rendered":"<div data-elementor-type=\"wp-page\" data-elementor-id=\"480\" class=\"elementor elementor-480\">\n\t\t\t\t<div class=\"elementor-element elementor-element-5c009d3 breadcrumb overlay-before e-flex e-con-boxed wpr-particle-no wpr-jarallax-no wpr-parallax-no wpr-sticky-section-no e-con e-parent\" data-id=\"5c009d3\" data-element_type=\"container\" data-settings=\"{&quot;background_background&quot;:&quot;classic&quot;}\">\n\t\t\t\t\t<div class=\"e-con-inner\">\n\t\t<div class=\"elementor-element elementor-element-ad18f28 e-con-full sticky-space e-flex wpr-particle-no wpr-jarallax-no wpr-parallax-no wpr-sticky-section-no e-con e-child\" data-id=\"ad18f28\" data-element_type=\"container\">\n\t\t\t\t<\/div>\n\t\t<div class=\"elementor-element elementor-element-05bc931 e-con-full e-flex wpr-particle-no wpr-jarallax-no wpr-parallax-no wpr-sticky-section-no e-con e-child\" data-id=\"05bc931\" data-element_type=\"container\">\n\t\t\t\t<div class=\"elementor-element elementor-element-078ce74 elementor-widget__width-initial elementor-widget-tablet__width-inherit elementor-widget elementor-widget-heading\" data-id=\"078ce74\" data-element_type=\"widget\" data-widget_type=\"heading.default\">\n\t\t\t\t\t<h2 class=\"elementor-heading-title elementor-size-default\">Los mercados<\/h2>\t\t\t\t<\/div>\n\t\t\t\t<\/div>\n\t\t<div class=\"elementor-element elementor-element-95b8235 e-con-full e-flex wpr-particle-no wpr-jarallax-no wpr-parallax-no wpr-sticky-section-no e-con e-child\" data-id=\"95b8235\" data-element_type=\"container\" data-settings=\"{&quot;background_background&quot;:&quot;classic&quot;}\">\n\t\t\t\t<div class=\"elementor-element elementor-element-bdc031e elementor-widget__width-inherit elementor-widget-mobile__width-inherit elementor-widget elementor-widget-heading\" data-id=\"bdc031e\" data-element_type=\"widget\" data-widget_type=\"heading.default\">\n\t\t\t\t\t<h5 class=\"elementor-heading-title elementor-size-default\">Bienvenido a Khorlan Mercados<\/h5>\t\t\t\t<\/div>\n\t\t\t\t<div class=\"elementor-element elementor-element-12174d8 elementor-widget__width-inherit elementor-widget elementor-widget-shortcode\" data-id=\"12174d8\" data-element_type=\"widget\" data-widget_type=\"shortcode.default\">\n\t\t\t\t\t\t\t<div class=\"elementor-shortcode\"><div class=\"forminator-ui forminator-custom-form forminator-custom-form-953  forminator- forminator_ajax\" data-forminator-render=\"0\" data-form=\"forminator-module-953\" data-uid=\"69e72f407c868\"><br\/><\/div><form\n\t\t\t\tid=\"forminator-module-953\"\n\t\t\t\tclass=\"forminator-ui forminator-custom-form forminator-custom-form-953  forminator- forminator_ajax\"\n\t\t\t\tmethod=\"post\"\n\t\t\t\tdata-forminator-render=\"0\"\n\t\t\t\tdata-form-id=\"953\"\n\t\t\t\t\n\t\t\t\tdata-design=\"none\"\n\t\t\t\tdata-color-option=\"theme\"\n\t\t\t\t\n\t\t\t\t\n\t\t\t\t\n\t\t\t\tdata-grid=\"\"\n\t\t\t\t\n\t\t\t\t\n\t\t\t\tstyle=\"display: none;\"\n\t\t\t\t\n\t\t\t\tdata-uid=\"69e72f407c868\" action=\"\"\n\t\t\t><div role=\"alert\" aria-live=\"polite\" class=\"forminator-response-message forminator-error\" aria-hidden=\"true\"><\/div><div class=\"forminator-row\"><div id=\"html-1\" class=\"forminator-field-html forminator-col forminator-col-12\"><div class=\"forminator-field forminator-merge-tags\" data-field=\"html-1\"><h4 style=\"margin: 0px;font-weight: bold\">Log in to your account<\/h4>\n<p>Don\u2019t have an account? <a rel=\"noopener\" target=\"_blank\" href=\"#\">Register Now<\/a><\/p><\/div><\/div><\/div><div class=\"forminator-row\"><div id=\"text-1\" class=\"forminator-field-text forminator-col forminator-col-12\"><div class=\"forminator-field\"><label for=\"forminator-field-text-1_69e72f407c868\" id=\"forminator-field-text-1_69e72f407c868-label\" class=\"forminator-label\">E-Mail Address: <span class=\"forminator-required\">*<\/span><\/label><input type=\"text\" name=\"text-1\" value=\"\" placeholder=\"Enter your e-mail\" id=\"forminator-field-text-1_69e72f407c868\" class=\"forminator-input forminator-name--field\" data-required=\"true\" \/><\/div><\/div><\/div><div class=\"forminator-row\"><div id=\"password-1\" class=\"forminator-field-password forminator-col forminator-col-12\"><div class=\"forminator-field\"><label for=\"forminator-field-password-1_69e72f407c868\" id=\"forminator-field-password-1_69e72f407c868-label\" class=\"forminator-label\">Password <span class=\"forminator-required\">*<\/span><\/label><input name=\"password-1\" value=\"\" placeholder=\"Enter your password\" id=\"forminator-field-password-1_69e72f407c868\" class=\"forminator-input forminator-name--field\" data-required=\"true\" type=\"password\" \/><\/div><\/div><\/div><div class=\"forminator-row\"><div id=\"html-2\" class=\"forminator-field-html forminator-col forminator-col-12\"><div class=\"forminator-field forminator-merge-tags\" data-field=\"html-2\"><span><a rel=\"noopener\" target=\"_blank\" href=\"#\" title=\"Forgot Password\">Forgot Password<\/a><\/span><\/div><\/div><\/div><input type=\"hidden\" name=\"referer_url\" value=\"\" \/><div class=\"forminator-row forminator-row-last\"><div class=\"forminator-col\"><div class=\"forminator-field\"><button class=\"forminator-button forminator-button-submit elementor-button\">Log In<\/button><\/div><\/div><\/div><input type=\"hidden\" id=\"forminator_nonce\" name=\"forminator_nonce\" value=\"f8e4e98081\" \/><input type=\"hidden\" name=\"_wp_http_referer\" value=\"\/es\/wp-json\/wp\/v2\/pages\/480\" \/><input type=\"hidden\" name=\"form_id\" value=\"953\"><input type=\"hidden\" name=\"page_id\" value=\"480\"><input type=\"hidden\" name=\"form_type\" value=\"login\"><input type=\"hidden\" name=\"current_url\" value=\"https:\/\/www.khorlancapital.com\/es\/markets\/\"><input type=\"hidden\" name=\"render_id\" value=\"0\"><input type=\"hidden\" name=\"redirect_to\" value=\"https:\/\/khorlan.asset.companysite.site\/wp-admin\/\"><input type=\"hidden\" name=\"action\" value=\"forminator_submit_form_custom-forms\"><label for=\"input_3\" class=\"forminator-hidden\" aria-hidden=\"true\">Por favor, no rellenes este campo. <input id=\"input_3\" type=\"text\" name=\"input_3\" value=\"\" autocomplete=\"off\"><\/label><input type=\"hidden\" name=\"trp-form-language\" value=\"es\"\/><\/form><\/div>\n\t\t\t\t\t\t<\/div>\n\t\t\t\t<\/div>\n\t\t\t\t\t<\/div>\n\t\t\t\t<\/div>\n\t\t<div class=\"elementor-element elementor-element-db72212 e-flex e-con-boxed wpr-particle-no wpr-jarallax-no wpr-parallax-no wpr-sticky-section-no e-con e-parent\" data-id=\"db72212\" data-element_type=\"container\">\n\t\t\t\t\t<div class=\"e-con-inner\">\n\t\t<div class=\"elementor-element elementor-element-76a45b7 e-con-full e-flex wpr-particle-no wpr-jarallax-no wpr-parallax-no wpr-sticky-section-no e-con e-child\" data-id=\"76a45b7\" data-element_type=\"container\" data-settings=\"{&quot;background_background&quot;:&quot;classic&quot;}\">\n\t\t<div class=\"elementor-element elementor-element-a6d328a e-con-full e-flex wpr-particle-no wpr-jarallax-no wpr-parallax-no wpr-sticky-section-no e-con e-child\" data-id=\"a6d328a\" data-element_type=\"container\" data-settings=\"{&quot;background_background&quot;:&quot;classic&quot;}\">\n\t\t\t\t<div class=\"elementor-element elementor-element-055e479 elementor-widget elementor-widget-heading\" data-id=\"055e479\" data-element_type=\"widget\" data-widget_type=\"heading.default\">\n\t\t\t\t\t<h3 class=\"elementor-heading-title elementor-size-default\">Los Productos Estructurados Asesor<\/h3>\t\t\t\t<\/div>\n\t\t\t\t<div class=\"elementor-element elementor-element-15ae7e4 elementor-widget elementor-widget-text-editor\" data-id=\"15ae7e4\" data-element_type=\"widget\" data-widget_type=\"text-editor.default\">\n\t\t\t\t\t\t\t\t\t<p>Creemos en la personalizaci\u00f3n de los productos estructurados de Servicios de asesoramiento a clientes de todo el mundo, ayudando a Navegar, a continuaci\u00f3n, a menudo complejo mundo de la estructura de las inversiones con facilidad. Con m\u00e1s de 25 a\u00f1os de experiencia en la creaci\u00f3n y gesti\u00f3n de estructuras, nuestro equipo colabora con m\u00e1s de 15 principales Instituciones mundiales para ofrecer soluciones a medida.<\/p>\n\n<p>Nuestras ofertas incluyen personalizado de productos de inversi\u00f3n dise\u00f1ado para alinearlos con sus objetivos. Mediante la simplificaci\u00f3n de inversi\u00f3n complejos, que le ayuda a crear, invertir y administrar los productos estructurados de forma transparente, garantizando innovadores y de soluciones adaptables a sus metas financieras.<\/p>\t\t\t\t\t\t\t\t<\/div>\n\t\t\t\t<\/div>\n\t\t<div class=\"elementor-element elementor-element-1d26d67 e-con-full overlay-before e-flex wpr-particle-no wpr-jarallax-no wpr-parallax-no wpr-sticky-section-no e-con e-child\" data-id=\"1d26d67\" data-element_type=\"container\" data-settings=\"{&quot;background_background&quot;:&quot;classic&quot;}\">\n\t\t\t\t<\/div>\n\t\t\t\t<\/div>\n\t\t\t\t\t<\/div>\n\t\t\t\t<\/div>\n\t\t<div class=\"elementor-element elementor-element-ef3695a e-flex e-con-boxed wpr-particle-no wpr-jarallax-no wpr-parallax-no wpr-sticky-section-no e-con e-parent\" data-id=\"ef3695a\" data-element_type=\"container\">\n\t\t\t\t\t<div class=\"e-con-inner\">\n\t\t<div class=\"elementor-element elementor-element-222749e e-con-full e-flex wpr-particle-no wpr-jarallax-no wpr-parallax-no wpr-sticky-section-no e-con e-child\" data-id=\"222749e\" data-element_type=\"container\">\n\t\t\t\t<div class=\"elementor-element elementor-element-6ebc15c elementor-widget__width-initial elementor-widget-tablet__width-inherit elementor-widget elementor-widget-heading\" data-id=\"6ebc15c\" data-element_type=\"widget\" data-widget_type=\"heading.default\">\n\t\t\t\t\t<h3 class=\"elementor-heading-title elementor-size-default\">Integral de la Gesti\u00f3n del Ciclo de Vida: De la Visi\u00f3n a la Ejecuci\u00f3n y m\u00e1s All\u00e1<\/h3>\t\t\t\t<\/div>\n\t\t<div class=\"elementor-element elementor-element-1bffe07 e-con-full e-flex wpr-particle-no wpr-jarallax-no wpr-parallax-no wpr-sticky-section-no e-con e-child\" data-id=\"1bffe07\" data-element_type=\"container\">\n\t\t<div class=\"elementor-element elementor-element-762dc2f e-con-full offering-box overlay-before e-flex wpr-particle-no wpr-jarallax-no wpr-parallax-no wpr-sticky-section-no e-con e-child\" data-id=\"762dc2f\" data-element_type=\"container\">\n\t\t\t\t<div class=\"elementor-element elementor-element-c693b7b elementor-view-default elementor-widget elementor-widget-icon\" data-id=\"c693b7b\" data-element_type=\"widget\" data-widget_type=\"icon.default\">\n\t\t\t\t\t\t\t<div class=\"elementor-icon-wrapper\">\n\t\t\t<div class=\"elementor-icon\">\n\t\t\t<svg xmlns=\"http:\/\/www.w3.org\/2000\/svg\" width=\"350px\" height=\"350px\" data-name=\"Layer 1\" viewbox=\"0 0 350 350\"><path d=\"M0 159.09h47.73v31.82H0ZM288 39.77l-33.4 33.41 22.27 22.27 33.41-33.4ZM159.09 0h31.82v47.73h-31.82Zm-97 39.77L39.77 62.05l33.41 33.4 22.28-22.27Zm81.13 294.32c0 9.54 6.37 15.91 15.91 15.91h31.82c9.54 0 15.91-6.37 15.91-15.91v-15.91h-63.68ZM175 79.55c-52.5 0-95.45 43-95.45 95.45 0 35 19.09 66.82 47.72 82.73v28.63c0 9.55 6.37 15.91 15.91 15.91h63.64c9.54 0 15.91-6.36 15.91-15.91v-28.63c28.63-15.91 47.72-47.73 47.72-82.73 0-52.5-42.95-95.45-95.45-95.45ZM190.91 237v17.5h-31.82V237c-27-6.36-47.73-31.81-47.73-62a63.64 63.64 0 1 1 127.28 0c0 30.23-20.64 54.09-47.73 62Zm111.36-77.95H350v31.82h-47.73Z\"><\/path><\/svg>\t\t\t<\/div>\n\t\t<\/div>\n\t\t\t\t\t\t<\/div>\n\t\t\t\t<div class=\"elementor-element elementor-element-eef6148 elementor-widget__width-inherit elementor-widget elementor-widget-heading\" data-id=\"eef6148\" data-element_type=\"widget\" data-widget_type=\"heading.default\">\n\t\t\t\t\t<h4 class=\"elementor-heading-title elementor-size-default\">La visi\u00f3n<\/h4>\t\t\t\t<\/div>\n\t\t\t\t<\/div>\n\t\t<div class=\"elementor-element elementor-element-51654fd e-con-full offering-box overlay-before e-flex wpr-particle-no wpr-jarallax-no wpr-parallax-no wpr-sticky-section-no e-con e-child\" data-id=\"51654fd\" data-element_type=\"container\">\n\t\t\t\t<div class=\"elementor-element elementor-element-319c14c elementor-view-default elementor-widget elementor-widget-icon\" data-id=\"319c14c\" data-element_type=\"widget\" data-widget_type=\"icon.default\">\n\t\t\t\t\t\t\t<div class=\"elementor-icon-wrapper\">\n\t\t\t<div class=\"elementor-icon\">\n\t\t\t<svg xmlns=\"http:\/\/www.w3.org\/2000\/svg\" width=\"350px\" height=\"350px\" data-name=\"Layer 1\" viewbox=\"0 0 350 300\"><path d=\"M0 150a150 150 0 0 0 150 150 153.74 153.74 0 0 0 106.67-43.33l-25-25a111.72 111.72 0 0 1-81.67 35C46 266.67-6 141 67.5 67.5S266.67 46.17 266.67 150h-50l66.66 66.67H285L350 150h-50a150 150 0 1 0-300 0Z\" class=\"cls-1\"><\/path><path d=\"M151 125.25a27.13 27.13 0 0 1 18.9 7.61 25.52 25.52 0 0 1 0 36.77 27.25 27.25 0 0 1-37.8 0 25.52 25.52 0 0 1 0-36.77 27.15 27.15 0 0 1 18.9-7.61Zm0 13a13.56 13.56 0 0 0-9.45 3.81 12.76 12.76 0 0 0 0 18.38 13.62 13.62 0 0 0 18.9 0 12.76 12.76 0 0 0 0-18.38 13.56 13.56 0 0 0-9.45-3.81Zm-13.36 78a3.35 3.35 0 0 1-3.34-2.73l-2.47-17.23a46.43 46.43 0 0 1-11.29-6.43l-16.64 6.57a3.42 3.42 0 0 1-4.04-1.43L86.5 172.5a3.09 3.09 0 0 1-.4-2.22 3.23 3.23 0 0 1 1.2-1.94l14.1-10.78-.47-6.31.47-6.5-14.1-10.6a3.18 3.18 0 0 1-1.2-1.93 3.09 3.09 0 0 1 .4-2.22l13.36-22.5a3.34 3.34 0 0 1 4.08-1.42l16.64 6.49a49 49 0 0 1 11.29-6.37l2.47-17.2a3.35 3.35 0 0 1 3.34-2.73h26.72a3.35 3.35 0 0 1 3.34 2.73l2.47 17.22a49.3 49.3 0 0 1 11.3 6.37l16.63-6.49a3.34 3.34 0 0 1 4.08 1.42L215.58 130a3.13 3.13 0 0 1-.8 4.15l-14.1 10.6.47 6.5-.47 6.5 14.1 10.59a3.15 3.15 0 0 1 .8 4.16L202.22 195a3.34 3.34 0 0 1-4.08 1.44l-16.63-6.5a48.9 48.9 0 0 1-11.3 6.36l-2.47 17.23a3.35 3.35 0 0 1-3.34 2.73Zm8.35-117-2.47 17a36.82 36.82 0 0 0-20.24 11.57L107.21 121l-5 8.44 14.1 10.08a35.18 35.18 0 0 0 0 23.4l-14.16 10.14 5 8.45 16.23-6.76a36.62 36.62 0 0 0 20.11 11.44l2.47 17h10.16l2.47-17a37 37 0 0 0 20.11-11.5l16.23 6.76 5-8.45-14.15-10a35.39 35.39 0 0 0 0-23.47l14.1-10.08-5-8.44-16.1 6.76a36.37 36.37 0 0 0-20.25-11.51l-2.47-17Z\" class=\"cls-1\"><\/path><\/svg>\t\t\t<\/div>\n\t\t<\/div>\n\t\t\t\t\t\t<\/div>\n\t\t\t\t<div class=\"elementor-element elementor-element-ceabda7 elementor-widget__width-inherit elementor-widget elementor-widget-heading\" data-id=\"ceabda7\" data-element_type=\"widget\" data-widget_type=\"heading.default\">\n\t\t\t\t\t<h4 class=\"elementor-heading-title elementor-size-default\">Ejecuci\u00f3n<\/h4>\t\t\t\t<\/div>\n\t\t\t\t<\/div>\n\t\t<div class=\"elementor-element elementor-element-48922c0 e-con-full offering-box overlay-before e-flex wpr-particle-no wpr-jarallax-no wpr-parallax-no wpr-sticky-section-no e-con e-child\" data-id=\"48922c0\" data-element_type=\"container\">\n\t\t\t\t<div class=\"elementor-element elementor-element-29ef93f elementor-view-default elementor-widget elementor-widget-icon\" data-id=\"29ef93f\" data-element_type=\"widget\" data-widget_type=\"icon.default\">\n\t\t\t\t\t\t\t<div class=\"elementor-icon-wrapper\">\n\t\t\t<div class=\"elementor-icon\">\n\t\t\t<svg xmlns=\"http:\/\/www.w3.org\/2000\/svg\" width=\"350px\" height=\"350px\" data-name=\"Layer 1\" viewbox=\"0 0 318.18 350\"><path d=\"M238.63 127.27H95.45V95.45h143.18ZM79.54 95.45H47.73v31.82h31.81Zm0-47.72H47.73v31.82h31.81Zm47.73 0H95.45v31.82h31.82ZM175 254.54v31.82h15.91a16 16 0 0 1 15.91 15.91h111.36v31.82H206.82A16 16 0 0 1 190.91 350h-63.64a16 16 0 0 1-15.91-15.91H0v-31.82h111.36a16 16 0 0 1 15.91-15.91h15.91v-31.82H31.82A31.7 31.7 0 0 1 0 222.73V31.82A31.82 31.82 0 0 1 31.82 0h254.54a31.71 31.71 0 0 1 31.82 31.82v190.91a31.7 31.7 0 0 1-31.82 31.81Zm111.36-31.81V31.82H31.82v190.91ZM143.18 79.55h127.27V47.73H143.18ZM47.73 175h95.45v-31.82H47.73ZM175 206.82h95.45V175H175Z\"><\/path><\/svg>\t\t\t<\/div>\n\t\t<\/div>\n\t\t\t\t\t\t<\/div>\n\t\t\t\t<div class=\"elementor-element elementor-element-e34379d elementor-widget__width-inherit elementor-widget elementor-widget-heading\" data-id=\"e34379d\" data-element_type=\"widget\" data-widget_type=\"heading.default\">\n\t\t\t\t\t<h4 class=\"elementor-heading-title elementor-size-default\">Monitoreo<\/h4>\t\t\t\t<\/div>\n\t\t\t\t<\/div>\n\t\t\t\t<\/div>\n\t\t\t\t<\/div>\n\t\t\t\t\t<\/div>\n\t\t\t\t<\/div>\n\t\t\t\t<\/div>","protected":false},"excerpt":{"rendered":"<p>Markets Welcome to Khorlan Markets Structured Product Advisory We provide bespoke structured product advisory Services to clients around the globe, helping them Navigate then often-complex world of structured investments with ease. With over 25 years of experience in creating and managing structures, our team collaborates with more than 15 leading global Institutions to deliver tailored solutions. Our offerings include customized investment products designed to perfectly align with your unique objectives. By simplifying complex investing, we empower you to create, invest, and manage structured products seamlessly, ensuring innovative and adaptable solutions for your financial goals. Comprehensive Life Cycle Management: From Vision to Execution and Beyond Vision Execution Monitoring<\/p>","protected":false},"author":1,"featured_media":0,"parent":0,"menu_order":15,"comment_status":"closed","ping_status":"closed","template":"","meta":{"footnotes":""},"class_list":["post-480","page","type-page","status-publish","hentry"],"_links":{"self":[{"href":"https:\/\/www.khorlancapital.com\/es\/wp-json\/wp\/v2\/pages\/480","targetHints":{"allow":["GET"]}}],"collection":[{"href":"https:\/\/www.khorlancapital.com\/es\/wp-json\/wp\/v2\/pages"}],"about":[{"href":"https:\/\/www.khorlancapital.com\/es\/wp-json\/wp\/v2\/types\/page"}],"author":[{"embeddable":true,"href":"https:\/\/www.khorlancapital.com\/es\/wp-json\/wp\/v2\/users\/1"}],"replies":[{"embeddable":true,"href":"https:\/\/www.khorlancapital.com\/es\/wp-json\/wp\/v2\/comments?post=480"}],"version-history":[{"count":5,"href":"https:\/\/www.khorlancapital.com\/es\/wp-json\/wp\/v2\/pages\/480\/revisions"}],"predecessor-version":[{"id":1004,"href":"https:\/\/www.khorlancapital.com\/es\/wp-json\/wp\/v2\/pages\/480\/revisions\/1004"}],"wp:attachment":[{"href":"https:\/\/www.khorlancapital.com\/es\/wp-json\/wp\/v2\/media?parent=480"}],"curies":[{"name":"wp","href":"https:\/\/api.w.org\/{rel}","templated":true}]}}