{"id":94,"date":"2025-07-03T20:23:25","date_gmt":"2025-07-03T20:23:25","guid":{"rendered":"https:\/\/www.khorlancapital.com\/?page_id=94"},"modified":"2025-09-02T06:30:40","modified_gmt":"2025-09-02T06:30:40","slug":"firm","status":"publish","type":"page","link":"https:\/\/www.khorlancapital.com\/es\/firm\/","title":{"rendered":"La Empresa"},"content":{"rendered":"<div data-elementor-type=\"wp-page\" data-elementor-id=\"94\" class=\"elementor elementor-94\">\n\t\t\t\t<div class=\"elementor-element elementor-element-44dd9e2 breadcrumb overlay-before e-flex e-con-boxed wpr-particle-no wpr-jarallax-no wpr-parallax-no wpr-sticky-section-no e-con e-parent\" data-id=\"44dd9e2\" data-element_type=\"container\" data-settings=\"{&quot;background_background&quot;:&quot;video&quot;,&quot;background_video_link&quot;:&quot;\\\/wp-content\\\/uploads\\\/2025\\\/07\\\/city-skyline.mp4&quot;,&quot;background_play_once&quot;:&quot;yes&quot;}\">\n\t\t\t\t\t<div class=\"e-con-inner\">\n\t\t<div class=\"elementor-background-video-container elementor-hidden-mobile\" aria-hidden=\"true\">\n\t\t\t\t\t\t\t<video class=\"elementor-background-video-hosted\" autoplay muted playsinline><\/video>\n\t\t\t\t\t<\/div><div class=\"elementor-element elementor-element-ce96f65 e-con-full sticky-space e-flex wpr-particle-no wpr-jarallax-no wpr-parallax-no wpr-sticky-section-no e-con e-child\" data-id=\"ce96f65\" data-element_type=\"container\">\n\t\t\t\t<\/div>\n\t\t<div class=\"elementor-element elementor-element-68fac8d e-con-full e-flex wpr-particle-no wpr-jarallax-no wpr-parallax-no wpr-sticky-section-no e-con e-child\" data-id=\"68fac8d\" data-element_type=\"container\">\n\t\t\t\t<div class=\"elementor-element elementor-element-225dc0b elementor-widget elementor-widget-heading\" data-id=\"225dc0b\" data-element_type=\"widget\" data-widget_type=\"heading.default\">\n\t\t\t\t\t<h2 class=\"elementor-heading-title elementor-size-default\">La Empresa<\/h2>\t\t\t\t<\/div>\n\t\t\t\t<\/div>\n\t\t\t\t\t<\/div>\n\t\t\t\t<\/div>\n\t\t<div class=\"elementor-element elementor-element-63b70a9 e-flex e-con-boxed wpr-particle-no wpr-jarallax-no wpr-parallax-no wpr-sticky-section-no e-con e-parent\" data-id=\"63b70a9\" data-element_type=\"container\">\n\t\t\t\t\t<div class=\"e-con-inner\">\n\t\t<div class=\"elementor-element elementor-element-d28b012 e-con-full story-canvas overlay-before e-flex wpr-particle-no wpr-jarallax-no wpr-parallax-no wpr-sticky-section-no e-con e-child\" data-id=\"d28b012\" data-element_type=\"container\">\n\t\t\t\t<div class=\"elementor-element elementor-element-0f09b54 elementor-widget elementor-widget-heading\" data-id=\"0f09b54\" data-element_type=\"widget\" data-widget_type=\"heading.default\">\n\t\t\t\t\t<h1 class=\"elementor-heading-title elementor-size-default\">Rectores De Su Futuro Financiero<\/h1>\t\t\t\t<\/div>\n\t\t\t\t<div class=\"elementor-element elementor-element-bb64e7a elementor-widget elementor-widget-heading\" data-id=\"bb64e7a\" data-element_type=\"widget\" data-widget_type=\"heading.default\">\n\t\t\t\t\t<h5 class=\"elementor-heading-title elementor-size-default\">Experto Asesor en Inversiones y Riqueza de Soluciones.<\/h5>\t\t\t\t<\/div>\n\t\t\t\t<div class=\"elementor-element elementor-element-e0af8d6 elementor-widget elementor-widget-text-editor\" data-id=\"e0af8d6\" data-element_type=\"widget\" data-widget_type=\"text-editor.default\">\n\t\t\t\t\t\t\t\t\t<p>Nuestro experimentado equipo trabaja en estrecha colaboraci\u00f3n con cada cliente para obtener una comprensi\u00f3n profunda de sus aspiraciones financieras. Nosotros creemos en un enfoque hol\u00edstico, la elaboraci\u00f3n de un amplio plan de riqueza que considera cada elemento de su panorama financiero. Al ver la imagen completa, nuestros especialistas en crear una vista de 360\u00b0 de la estrategia dise\u00f1ada para ayudarle a lograr el crecimiento a largo plazo y la seguridad financiera.<\/p><p>En una era de r\u00e1pida innovaci\u00f3n y a la desorganizaci\u00f3n del mercado, se combinan los \u00faltimos conocimientos del mercado con un firme compromiso con el servicio personalizado. Este enfoque \u00fanico nos permite ofrecer lo mejor de ambos mundos\u2014soluciones de vanguardia que se basan en los fundamentos s\u00f3lidos de gesti\u00f3n de activos.<\/p>\t\t\t\t\t\t\t\t<\/div>\n\t\t\t\t<\/div>\n\t\t\t\t\t<\/div>\n\t\t\t\t<\/div>\n\t\t<div class=\"elementor-element elementor-element-484f59f overlay-before e-flex e-con-boxed wpr-particle-no wpr-jarallax-no wpr-parallax-no wpr-sticky-section-no e-con e-parent\" data-id=\"484f59f\" data-element_type=\"container\" data-settings=\"{&quot;background_background&quot;:&quot;classic&quot;}\">\n\t\t\t\t\t<div class=\"e-con-inner\">\n\t\t<div class=\"elementor-element elementor-element-7e184fa e-con-full e-flex wpr-particle-no wpr-jarallax-no wpr-parallax-no wpr-sticky-section-no e-con e-child\" data-id=\"7e184fa\" data-element_type=\"container\">\n\t\t\t\t<div class=\"elementor-element elementor-element-6181265 elementor-widget elementor-widget-heading\" data-id=\"6181265\" data-element_type=\"widget\" data-widget_type=\"heading.default\">\n\t\t\t\t\t<h1 class=\"elementor-heading-title elementor-size-default\">La Empresa<\/h1>\t\t\t\t<\/div>\n\t\t\t\t<\/div>\n\t\t\t\t\t<\/div>\n\t\t\t\t<\/div>\n\t\t<div class=\"elementor-element elementor-element-e2b56d5 e-flex e-con-boxed wpr-particle-no wpr-jarallax-no wpr-parallax-no wpr-sticky-section-no e-con e-parent\" data-id=\"e2b56d5\" data-element_type=\"container\">\n\t\t\t\t\t<div class=\"e-con-inner\">\n\t\t<div class=\"elementor-element elementor-element-ac34833 e-con-full e-grid wpr-particle-no wpr-jarallax-no wpr-parallax-no wpr-sticky-section-no e-con e-child\" data-id=\"ac34833\" data-element_type=\"container\">\n\t\t<div class=\"elementor-element elementor-element-714128b e-con-full feature-card e-flex wpr-particle-no wpr-jarallax-no wpr-parallax-no wpr-sticky-section-no e-con e-child\" data-id=\"714128b\" data-element_type=\"container\">\n\t\t\t\t<div class=\"elementor-element elementor-element-da98ea4 elementor-widget__width-inherit elementor-widget elementor-widget-heading\" data-id=\"da98ea4\" data-element_type=\"widget\" data-widget_type=\"heading.default\">\n\t\t\t\t\t<h5 class=\"elementor-heading-title elementor-size-default\"><img decoding=\"async\" src=\"\/wp-content\/uploads\/2025\/07\/icon-globe.svg\" alt=\"Description\" width=\"23px\" height=\"23px\">Experiencia en Emergentes &amp; Mercados de Frontera<\/h5>\t\t\t\t<\/div>\n\t\t\t\t<div class=\"elementor-element elementor-element-b0da05b elementor-widget__width-inherit elementor-widget elementor-widget-text-editor\" data-id=\"b0da05b\" data-element_type=\"widget\" data-widget_type=\"text-editor.default\">\n\t\t\t\t\t\t\t\t\t<p>Conocimiento profundo y sobre el terreno los conocimientos para ayudarle a navegar por los matices de los complejos mercados locales.<\/p>\t\t\t\t\t\t\t\t<\/div>\n\t\t\t\t<\/div>\n\t\t<div class=\"elementor-element elementor-element-ee1a98b e-con-full feature-card e-flex wpr-particle-no wpr-jarallax-no wpr-parallax-no wpr-sticky-section-no e-con e-child\" data-id=\"ee1a98b\" data-element_type=\"container\">\n\t\t\t\t<div class=\"elementor-element elementor-element-402f868 elementor-widget__width-inherit elementor-widget elementor-widget-heading\" data-id=\"402f868\" data-element_type=\"widget\" data-widget_type=\"heading.default\">\n\t\t\t\t\t<h5 class=\"elementor-heading-title elementor-size-default\"><img decoding=\"async\" src=\"\/wp-content\/uploads\/2025\/07\/icon-user-box.svg\" alt=\"Description\" width=\"23px\" height=\"23px\">Cliente-Enfoque Centrado En El<\/h5>\t\t\t\t<\/div>\n\t\t\t\t<div class=\"elementor-element elementor-element-76607d4 elementor-widget__width-inherit elementor-widget elementor-widget-text-editor\" data-id=\"76607d4\" data-element_type=\"widget\" data-widget_type=\"text-editor.default\">\n\t\t\t\t\t\t\t\t\tPersonalizada estrategias construido alrededor de sus objetivos individuales, incluyendo la sensibilidad al riesgo, la optimizaci\u00f3n fiscal, y las necesidades de flujo de caja.\t\t\t\t\t\t\t\t<\/div>\n\t\t\t\t<\/div>\n\t\t<div class=\"elementor-element elementor-element-e1f5cef e-con-full feature-card e-flex wpr-particle-no wpr-jarallax-no wpr-parallax-no wpr-sticky-section-no e-con e-child\" data-id=\"e1f5cef\" data-element_type=\"container\">\n\t\t\t\t<div class=\"elementor-element elementor-element-4e4b88f elementor-widget__width-inherit elementor-widget elementor-widget-heading\" data-id=\"4e4b88f\" data-element_type=\"widget\" data-widget_type=\"heading.default\">\n\t\t\t\t\t<h5 class=\"elementor-heading-title elementor-size-default\"><img decoding=\"async\" src=\"\/wp-content\/uploads\/2025\/07\/icon-rotate-360.svg\" alt=\"Description\" width=\"23px\" height=\"23px\">Hol\u00edstico De La Planificaci\u00f3n Patrimonial<\/h5>\t\t\t\t<\/div>\n\t\t\t\t<div class=\"elementor-element elementor-element-eb70f24 elementor-widget__width-inherit elementor-widget elementor-widget-text-editor\" data-id=\"eb70f24\" data-element_type=\"widget\" data-widget_type=\"text-editor.default\">\n\t\t\t\t\t\t\t\t\t360\u00b0 de enfoque que alinea su cartera con su m\u00e1s amplia metas financieras\t\t\t\t\t\t\t\t<\/div>\n\t\t\t\t<\/div>\n\t\t<div class=\"elementor-element elementor-element-741091e e-con-full feature-card e-flex wpr-particle-no wpr-jarallax-no wpr-parallax-no wpr-sticky-section-no e-con e-child\" data-id=\"741091e\" data-element_type=\"container\">\n\t\t\t\t<div class=\"elementor-element elementor-element-174576e elementor-widget__width-inherit elementor-widget elementor-widget-heading\" data-id=\"174576e\" data-element_type=\"widget\" data-widget_type=\"heading.default\">\n\t\t\t\t\t<h5 class=\"elementor-heading-title elementor-size-default\"><img decoding=\"async\" src=\"\/wp-content\/uploads\/2025\/07\/icon-head-idea.svg\" alt=\"Description\" width=\"23px\" height=\"23px\">La Innovaci\u00f3n Y La Estabilidad<\/h5>\t\t\t\t<\/div>\n\t\t\t\t<div class=\"elementor-element elementor-element-b3d4fc2 elementor-widget elementor-widget-text-editor\" data-id=\"b3d4fc2\" data-element_type=\"widget\" data-widget_type=\"text-editor.default\">\n\t\t\t\t\t\t\t\t\tEl acceso a los \u00faltimos avances en los mercados de capital, combinado con la estabilidad de probado y verdadero de los principios de inversi\u00f3n.\t\t\t\t\t\t\t\t<\/div>\n\t\t\t\t<\/div>\n\t\t\t\t<\/div>\n\t\t\t\t<div class=\"elementor-element elementor-element-5eb8a03 elementor-widget__width-initial elementor-widget elementor-widget-heading\" data-id=\"5eb8a03\" data-element_type=\"widget\" data-widget_type=\"heading.default\">\n\t\t\t\t\t<h6 class=\"elementor-heading-title elementor-size-default\">Perm\u00edtanos ayudarle a navegar las olas de los Mercados de Capital, la construcci\u00f3n de un s\u00f3lido futuro financiero en el actual entorno din\u00e1mico <\/h6>\t\t\t\t<\/div>\n\t\t\t\t\t<\/div>\n\t\t\t\t<\/div>\n\t\t<div class=\"elementor-element elementor-element-e3c5213 e-flex e-con-boxed wpr-particle-no wpr-jarallax-no wpr-parallax-no wpr-sticky-section-no e-con e-parent\" data-id=\"e3c5213\" data-element_type=\"container\">\n\t\t\t\t\t<div class=\"e-con-inner\">\n\t\t<div class=\"elementor-element elementor-element-9831ead e-con-full footer e-flex wpr-particle-no wpr-jarallax-no wpr-parallax-no wpr-sticky-section-no e-con e-child\" data-id=\"9831ead\" data-element_type=\"container\">\n\t\t\t\t<div class=\"elementor-element elementor-element-73a4a20 elementor-widget__width-inherit elementor-widget elementor-widget-heading\" data-id=\"73a4a20\" data-element_type=\"widget\" data-widget_type=\"heading.default\">\n\t\t\t\t\t<h3 class=\"elementor-heading-title elementor-size-default\"><em>Navegar por los Mercados Emergentes, con Experiencia, Pasi\u00f3n y Precisi\u00f3n<\/em><\/h3>\t\t\t\t<\/div>\n\t\t\t\t<\/div>\n\t\t\t\t\t<\/div>\n\t\t\t\t<\/div>\n\t\t\t\t<\/div>","protected":false},"excerpt":{"rendered":"<p>The Firm Guiding Your Financial Future Expert Advisory in Investment and Wealth Solutions. Our experienced team works closely with each client to gain a deep understanding of their financial aspirations. We believe in taking a holistic approach, crafting a comprehensive wealth plan that considers every element of your financial landscape. By seeing the complete picture, our specialists create a 360\u00b0 strategy designed to help you achieve long-term growth and financial security.\u200b In an era of rapid innovation and market disruption, we combine the latest market insights with a steadfast commitment to personalized service. This unique approach allows us to deliver the best of both worlds\u2014cutting-edge solutions that are grounded in the fundamentals of solid asset management. The Firm Expertise in Emerging &amp; Frontier Markets Deep knowledge and on-the-ground insights to help you navigate the nuances of complex local markets. Client-Centric Approach Personalized strategies built around your individual objectives, including risk sensitivity, tax optimization, and cash flow needs. Holistic Wealth Planning A 360\u00b0 approach that aligns your portfolio with your broader financial goals Innovation &amp; Stability Access to the latest advancements in capital markets, combined with the stability of tried-and-true investment principles. Let us help you navigate the waves of Capital Markets, building a resilient financial future in today\u2019s dynamic environment Navigating Emerging Markets with Expertise, Passion, and Precision<\/p>","protected":false},"author":1,"featured_media":0,"parent":0,"menu_order":1,"comment_status":"closed","ping_status":"closed","template":"","meta":{"footnotes":""},"class_list":["post-94","page","type-page","status-publish","hentry"],"_links":{"self":[{"href":"https:\/\/www.khorlancapital.com\/es\/wp-json\/wp\/v2\/pages\/94","targetHints":{"allow":["GET"]}}],"collection":[{"href":"https:\/\/www.khorlancapital.com\/es\/wp-json\/wp\/v2\/pages"}],"about":[{"href":"https:\/\/www.khorlancapital.com\/es\/wp-json\/wp\/v2\/types\/page"}],"author":[{"embeddable":true,"href":"https:\/\/www.khorlancapital.com\/es\/wp-json\/wp\/v2\/users\/1"}],"replies":[{"embeddable":true,"href":"https:\/\/www.khorlancapital.com\/es\/wp-json\/wp\/v2\/comments?post=94"}],"version-history":[{"count":5,"href":"https:\/\/www.khorlancapital.com\/es\/wp-json\/wp\/v2\/pages\/94\/revisions"}],"predecessor-version":[{"id":772,"href":"https:\/\/www.khorlancapital.com\/es\/wp-json\/wp\/v2\/pages\/94\/revisions\/772"}],"wp:attachment":[{"href":"https:\/\/www.khorlancapital.com\/es\/wp-json\/wp\/v2\/media?parent=94"}],"curies":[{"name":"wp","href":"https:\/\/api.w.org\/{rel}","templated":true}]}}